{"id":1018,"date":"2018-10-10T14:09:34","date_gmt":"2018-10-10T12:09:34","guid":{"rendered":"http:\/\/www.texty.santegidio.cz?page_id=1018"},"modified":"2018-10-10T14:09:34","modified_gmt":"2018-10-10T12:09:34","slug":"modlitba-k-marii-stojici-pod-krizem","status":"publish","type":"page","link":"https:\/\/www.texty.santegidio.cz\/?page_id=1018","title":{"rendered":"Modlitba k Marii stoj\u00edc\u00ed pod k\u0159\u00ed\u017eem"},"content":{"rendered":"<p>Svat&aacute; Maria, Matko Bo\u017e&iacute;,<br \/> pros za n&aacute;s sv&eacute;ho Syna,<br \/> kdy\u017e se k\u0159&iacute;\u017e lidstva<br \/> st&aacute;v&aacute; me\u010dem v&nbsp;na&scaron;ich srdc&iacute;ch.<br \/> &nbsp;<br \/> Dej, a\u0165 s&nbsp;tebou m\u016f\u017eeme d&aacute;t sv\u011btu<br \/> tohoto vyd\u011bd\u011bn&eacute;ho Boha,<br \/> kter&eacute;ho jsi um\u011bla p\u0159ijmout,<br \/> aby v&scaron;e obnovil svou l&aacute;skou.<br \/> &nbsp;<br \/> Svat&aacute; Maria, Matko Bo\u017e&iacute;,<br \/> dej ka\u017ed&eacute;mu<br \/> toto mate\u0159stv&iacute; du&scaron;e,<br \/> kter&eacute; d&aacute;v&aacute; zaz&aacute;\u0159it l&aacute;sce.<br \/> Amen.<br \/> <em>(Olivier Cl&eacute;ment)<\/em><\/p>\n<p><\/p>\n","protected":false},"excerpt":{"rendered":"<p>Svat&aacute; Maria, Matko Bo\u017e&iacute;, pros za n&aacute;s sv&eacute;ho Syna, kdy\u017e se k\u0159&iacute;\u017e lidstva st&aacute;v&aacute; me\u010dem v&nbsp;na&scaron;ich srdc&iacute;ch. &nbsp; Dej, a\u0165 s&nbsp;tebou m\u016f\u017eeme d&aacute;t sv\u011btu tohoto vyd\u011bd\u011bn&eacute;ho Boha, kter&eacute;ho jsi um\u011bla p\u0159ijmout, aby v&scaron;e obnovil svou l&aacute;skou. &nbsp; Svat&aacute; Maria, Matko Bo\u017e&iacute;, dej ka\u017ed&eacute;mu toto mate\u0159stv&iacute; du&scaron;e, kter&eacute; d&aacute;v&aacute; zaz&aacute;\u0159it l&aacute;sce. Amen. (Olivier Cl&eacute;ment)<\/p>\n","protected":false},"author":1,"featured_media":0,"parent":704,"menu_order":0,"comment_status":"open","ping_status":"open","template":"","meta":{"_uag_custom_page_level_css":"","jetpack_post_was_ever_published":false,"footnotes":""},"class_list":["post-1018","page","type-page","status-publish"],"uagb_featured_image_src":{"full":false,"thumbnail":false,"medium":false,"medium_large":false,"large":false,"1536x1536":false,"2048x2048":false},"uagb_author_info":{"display_name":"Pavel","author_link":"https:\/\/www.texty.santegidio.cz\/?author=1"},"uagb_comment_info":0,"uagb_excerpt":"Svat&aacute; Maria, Matko Bo\u017e&iacute;, pros za n&aacute;s sv&eacute;ho Syna, kdy\u017e se k\u0159&iacute;\u017e lidstva st&aacute;v&aacute; me\u010dem v&nbsp;na&scaron;ich srdc&iacute;ch. &nbsp; Dej, a\u0165 s&nbsp;tebou m\u016f\u017eeme d&aacute;t sv\u011btu tohoto vyd\u011bd\u011bn&eacute;ho Boha, kter&eacute;ho jsi um\u011bla p\u0159ijmout, aby v&scaron;e obnovil svou l&aacute;skou. &nbsp; Svat&aacute; Maria, Matko Bo\u017e&iacute;, dej ka\u017ed&eacute;mu toto mate\u0159stv&iacute; du&scaron;e, kter&eacute; d&aacute;v&aacute; zaz&aacute;\u0159it l&aacute;sce. Amen. (Olivier Cl&eacute;ment)","jetpack_sharing_enabled":true,"jetpack_shortlink":"https:\/\/wp.me\/PawMsT-gq","_links":{"self":[{"href":"https:\/\/www.texty.santegidio.cz\/index.php?rest_route=\/wp\/v2\/pages\/1018","targetHints":{"allow":["GET"]}}],"collection":[{"href":"https:\/\/www.texty.santegidio.cz\/index.php?rest_route=\/wp\/v2\/pages"}],"about":[{"href":"https:\/\/www.texty.santegidio.cz\/index.php?rest_route=\/wp\/v2\/types\/page"}],"author":[{"embeddable":true,"href":"https:\/\/www.texty.santegidio.cz\/index.php?rest_route=\/wp\/v2\/users\/1"}],"replies":[{"embeddable":true,"href":"https:\/\/www.texty.santegidio.cz\/index.php?rest_route=%2Fwp%2Fv2%2Fcomments&post=1018"}],"version-history":[{"count":0,"href":"https:\/\/www.texty.santegidio.cz\/index.php?rest_route=\/wp\/v2\/pages\/1018\/revisions"}],"up":[{"embeddable":true,"href":"https:\/\/www.texty.santegidio.cz\/index.php?rest_route=\/wp\/v2\/pages\/704"}],"wp:attachment":[{"href":"https:\/\/www.texty.santegidio.cz\/index.php?rest_route=%2Fwp%2Fv2%2Fmedia&parent=1018"}],"curies":[{"name":"wp","href":"https:\/\/api.w.org\/{rel}","templated":true}]}}