{"id":1016,"date":"2018-10-10T14:09:34","date_gmt":"2018-10-10T12:09:34","guid":{"rendered":"http:\/\/www.texty.santegidio.cz?page_id=1016"},"modified":"2018-10-10T14:09:34","modified_gmt":"2018-10-10T12:09:34","slug":"modlitba-k-marii-matce-ustavicne-pomoci","status":"publish","type":"page","link":"https:\/\/www.texty.santegidio.cz\/?page_id=1016","title":{"rendered":"Modlitba k Marii, Matce ustavi\u010dn\u00e9 pomoci"},"content":{"rendered":"<p>&Oacute;&nbsp;blahoslaven&aacute; Matko Bo\u017e&iacute;,<br \/> kter&aacute; jsi ve sv&eacute;m l\u016fn\u011b chovala<br \/> toho, kdo p\u0159ich&aacute;z&iacute; spasit sv\u011bt,<br \/> kter&aacute; jsi ho vid\u011bla vyr\u016fstat po sv&eacute;m boku,<br \/> p\u0159&iacute;tele chud&yacute;ch, nemocn&yacute;ch,<br \/> opu&scaron;t\u011bn&yacute;ch, zoufal&yacute;ch,<br \/> t\u011bch, kdo \u017eij&iacute; bez domova,<br \/> p\u0159ijmi tuto na&scaron;i modlitbu,<br \/> p\u0159ednes ji sv&eacute;mu Synu, P&aacute;nu Je\u017e&iacute;&scaron;i,<br \/> abychom tak&eacute; my,<br \/> spolu se v&scaron;emi, kter&eacute; m&aacute;me r&aacute;di,<br \/> mohli v&nbsp;hojnosti obdr\u017eet<br \/> odpu&scaron;t\u011bn&iacute;, uzdraven&iacute;, sp&aacute;su<br \/> a&nbsp;pln&eacute; &scaron;t\u011bst&iacute;,<br \/> p\u0159imknuti k&nbsp;tob\u011b, Matko ustavi\u010dn&eacute; pomoci,<br \/> pod ochranou tv&eacute;ho milovan&eacute;ho Syna,<br \/> p\u0159&iacute;tele lid&iacute;.<br \/> Nyn&iacute; i&nbsp;v\u017edycky.<br \/> Amen. <\/p>\n<p> &nbsp;<\/p>\n","protected":false},"excerpt":{"rendered":"<p>&Oacute;&nbsp;blahoslaven&aacute; Matko Bo\u017e&iacute;, kter&aacute; jsi ve sv&eacute;m l\u016fn\u011b chovala toho, kdo p\u0159ich&aacute;z&iacute; spasit sv\u011bt, kter&aacute; jsi ho vid\u011bla vyr\u016fstat po sv&eacute;m boku, p\u0159&iacute;tele chud&yacute;ch, nemocn&yacute;ch, opu&scaron;t\u011bn&yacute;ch, zoufal&yacute;ch, t\u011bch, kdo \u017eij&iacute; bez domova, p\u0159ijmi tuto na&scaron;i modlitbu, p\u0159ednes ji sv&eacute;mu Synu, P&aacute;nu Je\u017e&iacute;&scaron;i, abychom tak&eacute; my, spolu se v&scaron;emi, kter&eacute; m&aacute;me r&aacute;di, mohli v&nbsp;hojnosti obdr\u017eet odpu&scaron;t\u011bn&iacute;, &#8230; <a title=\"Modlitba k Marii, Matce ustavi\u010dn\u00e9 pomoci\" class=\"read-more\" href=\"https:\/\/www.texty.santegidio.cz\/?page_id=1016\" aria-label=\"More on Modlitba k Marii, Matce ustavi\u010dn\u00e9 pomoci\">Read more<\/a><\/p>\n","protected":false},"author":1,"featured_media":0,"parent":704,"menu_order":0,"comment_status":"open","ping_status":"open","template":"","meta":{"_uag_custom_page_level_css":"","jetpack_post_was_ever_published":false,"footnotes":""},"class_list":["post-1016","page","type-page","status-publish"],"uagb_featured_image_src":{"full":false,"thumbnail":false,"medium":false,"medium_large":false,"large":false,"1536x1536":false,"2048x2048":false},"uagb_author_info":{"display_name":"Pavel","author_link":"https:\/\/www.texty.santegidio.cz\/?author=1"},"uagb_comment_info":0,"uagb_excerpt":"&Oacute;&nbsp;blahoslaven&aacute; Matko Bo\u017e&iacute;, kter&aacute; jsi ve sv&eacute;m l\u016fn\u011b chovala toho, kdo p\u0159ich&aacute;z&iacute; spasit sv\u011bt, kter&aacute; jsi ho vid\u011bla vyr\u016fstat po sv&eacute;m boku, p\u0159&iacute;tele chud&yacute;ch, nemocn&yacute;ch, opu&scaron;t\u011bn&yacute;ch, zoufal&yacute;ch, t\u011bch, kdo \u017eij&iacute; bez domova, p\u0159ijmi tuto na&scaron;i modlitbu, p\u0159ednes ji sv&eacute;mu Synu, P&aacute;nu Je\u017e&iacute;&scaron;i, abychom tak&eacute; my, spolu se v&scaron;emi, kter&eacute; m&aacute;me r&aacute;di, mohli v&nbsp;hojnosti obdr\u017eet odpu&scaron;t\u011bn&iacute;,&hellip;","jetpack_sharing_enabled":true,"jetpack_shortlink":"https:\/\/wp.me\/PawMsT-go","_links":{"self":[{"href":"https:\/\/www.texty.santegidio.cz\/index.php?rest_route=\/wp\/v2\/pages\/1016","targetHints":{"allow":["GET"]}}],"collection":[{"href":"https:\/\/www.texty.santegidio.cz\/index.php?rest_route=\/wp\/v2\/pages"}],"about":[{"href":"https:\/\/www.texty.santegidio.cz\/index.php?rest_route=\/wp\/v2\/types\/page"}],"author":[{"embeddable":true,"href":"https:\/\/www.texty.santegidio.cz\/index.php?rest_route=\/wp\/v2\/users\/1"}],"replies":[{"embeddable":true,"href":"https:\/\/www.texty.santegidio.cz\/index.php?rest_route=%2Fwp%2Fv2%2Fcomments&post=1016"}],"version-history":[{"count":0,"href":"https:\/\/www.texty.santegidio.cz\/index.php?rest_route=\/wp\/v2\/pages\/1016\/revisions"}],"up":[{"embeddable":true,"href":"https:\/\/www.texty.santegidio.cz\/index.php?rest_route=\/wp\/v2\/pages\/704"}],"wp:attachment":[{"href":"https:\/\/www.texty.santegidio.cz\/index.php?rest_route=%2Fwp%2Fv2%2Fmedia&parent=1016"}],"curies":[{"name":"wp","href":"https:\/\/api.w.org\/{rel}","templated":true}]}}