{"id":1015,"date":"2018-10-10T14:09:34","date_gmt":"2018-10-10T12:09:34","guid":{"rendered":"http:\/\/www.texty.santegidio.cz?page_id=1015"},"modified":"2018-10-10T14:09:34","modified_gmt":"2018-10-10T12:09:34","slug":"modlitba-k-marii-matce-dobrotivosti-a-pokoje","status":"publish","type":"page","link":"https:\/\/www.texty.santegidio.cz\/?page_id=1015","title":{"rendered":"Modlitba k Marii, Matce dobrotivosti a pokoje"},"content":{"rendered":"<p>&Oacute;&nbsp;Maria,<br \/> Matko dobrotivosti a&nbsp;pokoje,<br \/> kter&aacute; mi ukazuje&scaron; Je\u017e&iacute;&scaron;e,<br \/> sp&aacute;su sv\u011bta,<br \/> chra\u0148 n&aacute;s v&scaron;echny<br \/> od zla v&aacute;lky,<br \/> od nen&aacute;visti a&nbsp;n&aacute;sil&iacute;,<br \/> dej n&aacute;m opravdov&yacute; pokoj.<br \/> Bu\u010f dobrotiv&aacute;,<br \/> nad&aacute;le vl&iacute;dn\u011b podep&iacute;rej<br \/> na&scaron;i slabost.<br \/> Shl&eacute;dni se slitov&aacute;n&iacute;m<br \/> na chudobu a&nbsp;h\u0159&iacute;ch tohoto sv\u011bta.<br \/> &Oacute;&nbsp;Maria, proniknut&aacute; bolest&iacute;<br \/> pro sv&eacute;ho Syna, kter&yacute; zem\u0159el na k\u0159&iacute;\u017ei,<br \/> daruj pokoj,<br \/> p\u0159emoz ka\u017ed&eacute; n&aacute;sil&iacute; a&nbsp;v&aacute;lku.<br \/> Pomoz mi b&yacute;t ve v&scaron;em u\u010dedn&iacute;kem Je\u017e&iacute;&scaron;e,<br \/> tv&eacute;ho Syna.<br \/> Nyn&iacute; i&nbsp;v\u017edycky.<br \/> Amen.<br \/> &nbsp;<br \/> &nbsp;<\/p>\n","protected":false},"excerpt":{"rendered":"<p>&Oacute;&nbsp;Maria, Matko dobrotivosti a&nbsp;pokoje, kter&aacute; mi ukazuje&scaron; Je\u017e&iacute;&scaron;e, sp&aacute;su sv\u011bta, chra\u0148 n&aacute;s v&scaron;echny od zla v&aacute;lky, od nen&aacute;visti a&nbsp;n&aacute;sil&iacute;, dej n&aacute;m opravdov&yacute; pokoj. Bu\u010f dobrotiv&aacute;, nad&aacute;le vl&iacute;dn\u011b podep&iacute;rej na&scaron;i slabost. Shl&eacute;dni se slitov&aacute;n&iacute;m na chudobu a&nbsp;h\u0159&iacute;ch tohoto sv\u011bta. &Oacute;&nbsp;Maria, proniknut&aacute; bolest&iacute; pro sv&eacute;ho Syna, kter&yacute; zem\u0159el na k\u0159&iacute;\u017ei, daruj pokoj, p\u0159emoz ka\u017ed&eacute; n&aacute;sil&iacute; a&nbsp;v&aacute;lku. Pomoz &#8230; <a title=\"Modlitba k Marii, Matce dobrotivosti a pokoje\" class=\"read-more\" href=\"https:\/\/www.texty.santegidio.cz\/?page_id=1015\" aria-label=\"More on Modlitba k Marii, Matce dobrotivosti a pokoje\">Read more<\/a><\/p>\n","protected":false},"author":1,"featured_media":0,"parent":704,"menu_order":0,"comment_status":"open","ping_status":"open","template":"","meta":{"_uag_custom_page_level_css":"","jetpack_post_was_ever_published":false,"footnotes":""},"class_list":["post-1015","page","type-page","status-publish"],"uagb_featured_image_src":{"full":false,"thumbnail":false,"medium":false,"medium_large":false,"large":false,"1536x1536":false,"2048x2048":false},"uagb_author_info":{"display_name":"Pavel","author_link":"https:\/\/www.texty.santegidio.cz\/?author=1"},"uagb_comment_info":0,"uagb_excerpt":"&Oacute;&nbsp;Maria, Matko dobrotivosti a&nbsp;pokoje, kter&aacute; mi ukazuje&scaron; Je\u017e&iacute;&scaron;e, sp&aacute;su sv\u011bta, chra\u0148 n&aacute;s v&scaron;echny od zla v&aacute;lky, od nen&aacute;visti a&nbsp;n&aacute;sil&iacute;, dej n&aacute;m opravdov&yacute; pokoj. Bu\u010f dobrotiv&aacute;, nad&aacute;le vl&iacute;dn\u011b podep&iacute;rej na&scaron;i slabost. Shl&eacute;dni se slitov&aacute;n&iacute;m na chudobu a&nbsp;h\u0159&iacute;ch tohoto sv\u011bta. &Oacute;&nbsp;Maria, proniknut&aacute; bolest&iacute; pro sv&eacute;ho Syna, kter&yacute; zem\u0159el na k\u0159&iacute;\u017ei, daruj pokoj, p\u0159emoz ka\u017ed&eacute; n&aacute;sil&iacute; a&nbsp;v&aacute;lku. Pomoz&hellip;","jetpack_sharing_enabled":true,"jetpack_shortlink":"https:\/\/wp.me\/PawMsT-gn","_links":{"self":[{"href":"https:\/\/www.texty.santegidio.cz\/index.php?rest_route=\/wp\/v2\/pages\/1015","targetHints":{"allow":["GET"]}}],"collection":[{"href":"https:\/\/www.texty.santegidio.cz\/index.php?rest_route=\/wp\/v2\/pages"}],"about":[{"href":"https:\/\/www.texty.santegidio.cz\/index.php?rest_route=\/wp\/v2\/types\/page"}],"author":[{"embeddable":true,"href":"https:\/\/www.texty.santegidio.cz\/index.php?rest_route=\/wp\/v2\/users\/1"}],"replies":[{"embeddable":true,"href":"https:\/\/www.texty.santegidio.cz\/index.php?rest_route=%2Fwp%2Fv2%2Fcomments&post=1015"}],"version-history":[{"count":0,"href":"https:\/\/www.texty.santegidio.cz\/index.php?rest_route=\/wp\/v2\/pages\/1015\/revisions"}],"up":[{"embeddable":true,"href":"https:\/\/www.texty.santegidio.cz\/index.php?rest_route=\/wp\/v2\/pages\/704"}],"wp:attachment":[{"href":"https:\/\/www.texty.santegidio.cz\/index.php?rest_route=%2Fwp%2Fv2%2Fmedia&parent=1015"}],"curies":[{"name":"wp","href":"https:\/\/api.w.org\/{rel}","templated":true}]}}