{"id":1014,"date":"2018-10-10T14:09:34","date_gmt":"2018-10-10T12:09:34","guid":{"rendered":"http:\/\/www.texty.santegidio.cz?page_id=1014"},"modified":"2018-10-10T14:09:34","modified_gmt":"2018-10-10T12:09:34","slug":"modlitba-s-matkou-bozi","status":"publish","type":"page","link":"https:\/\/www.texty.santegidio.cz\/?page_id=1014","title":{"rendered":"Modlitba s Matkou Bo\u017e\u00ed"},"content":{"rendered":"<p>Pane, n&aacute;&scaron; Bo\u017ee,<br \/> kter&yacute; jsi v&nbsp;l\u016fn\u011b Marie Panny<br \/> po\u010dal Syna na&scaron;&iacute; sp&aacute;sy,<br \/> kter&yacute; ka\u017ed&yacute; den v&nbsp;l\u016fn\u011b sv&eacute; C&iacute;rkve<br \/> roz\u017e&iacute;n&aacute;&scaron; sv\u011btlo \u017eivota,<br \/> nehle\u010f na na&scaron;e h\u0159&iacute;chy,<br \/> osvobo\u010f n&aacute;s od b\u0159emene, kter&eacute; n&aacute;s t&iacute;\u017e&iacute;,<br \/> a&nbsp;u\u010di\u0148 n&aacute;s schopn&yacute;mi<br \/> op\u011bvovat s&nbsp;Matkou Bo\u017e&iacute;<br \/> velikost tv&eacute;ho milosrdenstv&iacute;.<br \/> Amen.<\/p>\n","protected":false},"excerpt":{"rendered":"<p>Pane, n&aacute;&scaron; Bo\u017ee, kter&yacute; jsi v&nbsp;l\u016fn\u011b Marie Panny po\u010dal Syna na&scaron;&iacute; sp&aacute;sy, kter&yacute; ka\u017ed&yacute; den v&nbsp;l\u016fn\u011b sv&eacute; C&iacute;rkve roz\u017e&iacute;n&aacute;&scaron; sv\u011btlo \u017eivota, nehle\u010f na na&scaron;e h\u0159&iacute;chy, osvobo\u010f n&aacute;s od b\u0159emene, kter&eacute; n&aacute;s t&iacute;\u017e&iacute;, a&nbsp;u\u010di\u0148 n&aacute;s schopn&yacute;mi op\u011bvovat s&nbsp;Matkou Bo\u017e&iacute; velikost tv&eacute;ho milosrdenstv&iacute;. Amen.<\/p>\n","protected":false},"author":1,"featured_media":0,"parent":704,"menu_order":0,"comment_status":"open","ping_status":"open","template":"","meta":{"_uag_custom_page_level_css":"","jetpack_post_was_ever_published":false,"footnotes":""},"class_list":["post-1014","page","type-page","status-publish"],"uagb_featured_image_src":{"full":false,"thumbnail":false,"medium":false,"medium_large":false,"large":false,"1536x1536":false,"2048x2048":false},"uagb_author_info":{"display_name":"Pavel","author_link":"https:\/\/www.texty.santegidio.cz\/?author=1"},"uagb_comment_info":0,"uagb_excerpt":"Pane, n&aacute;&scaron; Bo\u017ee, kter&yacute; jsi v&nbsp;l\u016fn\u011b Marie Panny po\u010dal Syna na&scaron;&iacute; sp&aacute;sy, kter&yacute; ka\u017ed&yacute; den v&nbsp;l\u016fn\u011b sv&eacute; C&iacute;rkve roz\u017e&iacute;n&aacute;&scaron; sv\u011btlo \u017eivota, nehle\u010f na na&scaron;e h\u0159&iacute;chy, osvobo\u010f n&aacute;s od b\u0159emene, kter&eacute; n&aacute;s t&iacute;\u017e&iacute;, a&nbsp;u\u010di\u0148 n&aacute;s schopn&yacute;mi op\u011bvovat s&nbsp;Matkou Bo\u017e&iacute; velikost tv&eacute;ho milosrdenstv&iacute;. Amen.","jetpack_sharing_enabled":true,"jetpack_shortlink":"https:\/\/wp.me\/PawMsT-gm","_links":{"self":[{"href":"https:\/\/www.texty.santegidio.cz\/index.php?rest_route=\/wp\/v2\/pages\/1014","targetHints":{"allow":["GET"]}}],"collection":[{"href":"https:\/\/www.texty.santegidio.cz\/index.php?rest_route=\/wp\/v2\/pages"}],"about":[{"href":"https:\/\/www.texty.santegidio.cz\/index.php?rest_route=\/wp\/v2\/types\/page"}],"author":[{"embeddable":true,"href":"https:\/\/www.texty.santegidio.cz\/index.php?rest_route=\/wp\/v2\/users\/1"}],"replies":[{"embeddable":true,"href":"https:\/\/www.texty.santegidio.cz\/index.php?rest_route=%2Fwp%2Fv2%2Fcomments&post=1014"}],"version-history":[{"count":0,"href":"https:\/\/www.texty.santegidio.cz\/index.php?rest_route=\/wp\/v2\/pages\/1014\/revisions"}],"up":[{"embeddable":true,"href":"https:\/\/www.texty.santegidio.cz\/index.php?rest_route=\/wp\/v2\/pages\/704"}],"wp:attachment":[{"href":"https:\/\/www.texty.santegidio.cz\/index.php?rest_route=%2Fwp%2Fv2%2Fmedia&parent=1014"}],"curies":[{"name":"wp","href":"https:\/\/api.w.org\/{rel}","templated":true}]}}