{"id":1013,"date":"2018-10-10T14:09:34","date_gmt":"2018-10-10T12:09:34","guid":{"rendered":"http:\/\/www.texty.santegidio.cz?page_id=1013"},"modified":"2018-10-10T14:09:34","modified_gmt":"2018-10-10T12:09:34","slug":"modlitba-za-mariinu-ochranu","status":"publish","type":"page","link":"https:\/\/www.texty.santegidio.cz\/?page_id=1013","title":{"rendered":"Modlitba za Mariinu ochranu"},"content":{"rendered":"<p><em>(Sub tuum praesidium)<\/em><br \/> &nbsp;<br \/> Pod ochranu<br \/> tv&eacute;ho milosrdenstv&iacute;<br \/> se ut&iacute;k&aacute;me,<br \/> Matko Bo\u017e&iacute;.<br \/> &nbsp;<br \/> Prosbami na&scaron;imi<br \/> nezhrdej v&nbsp;pot\u0159eb&aacute;ch na&scaron;ich,<br \/> ale osvobo\u010f n&aacute;s z&nbsp;nebezpe\u010denstv&iacute;,<br \/> ty jedin&aacute; svat&aacute; a&nbsp;po\u017eehnan&aacute;.<br \/> <em>(Anonymn&iacute; autor, III.&nbsp;stolet&iacute;)<\/em><\/p>\n<p><\/p>\n","protected":false},"excerpt":{"rendered":"<p>(Sub tuum praesidium) &nbsp; Pod ochranu tv&eacute;ho milosrdenstv&iacute; se ut&iacute;k&aacute;me, Matko Bo\u017e&iacute;. &nbsp; Prosbami na&scaron;imi nezhrdej v&nbsp;pot\u0159eb&aacute;ch na&scaron;ich, ale osvobo\u010f n&aacute;s z&nbsp;nebezpe\u010denstv&iacute;, ty jedin&aacute; svat&aacute; a&nbsp;po\u017eehnan&aacute;. (Anonymn&iacute; autor, III.&nbsp;stolet&iacute;)<\/p>\n","protected":false},"author":1,"featured_media":0,"parent":704,"menu_order":0,"comment_status":"open","ping_status":"open","template":"","meta":{"_uag_custom_page_level_css":"","jetpack_post_was_ever_published":false,"footnotes":""},"class_list":["post-1013","page","type-page","status-publish"],"uagb_featured_image_src":{"full":false,"thumbnail":false,"medium":false,"medium_large":false,"large":false,"1536x1536":false,"2048x2048":false},"uagb_author_info":{"display_name":"Pavel","author_link":"https:\/\/www.texty.santegidio.cz\/?author=1"},"uagb_comment_info":0,"uagb_excerpt":"(Sub tuum praesidium) &nbsp; Pod ochranu tv&eacute;ho milosrdenstv&iacute; se ut&iacute;k&aacute;me, Matko Bo\u017e&iacute;. &nbsp; Prosbami na&scaron;imi nezhrdej v&nbsp;pot\u0159eb&aacute;ch na&scaron;ich, ale osvobo\u010f n&aacute;s z&nbsp;nebezpe\u010denstv&iacute;, ty jedin&aacute; svat&aacute; a&nbsp;po\u017eehnan&aacute;. (Anonymn&iacute; autor, III.&nbsp;stolet&iacute;)","jetpack_sharing_enabled":true,"jetpack_shortlink":"https:\/\/wp.me\/PawMsT-gl","_links":{"self":[{"href":"https:\/\/www.texty.santegidio.cz\/index.php?rest_route=\/wp\/v2\/pages\/1013","targetHints":{"allow":["GET"]}}],"collection":[{"href":"https:\/\/www.texty.santegidio.cz\/index.php?rest_route=\/wp\/v2\/pages"}],"about":[{"href":"https:\/\/www.texty.santegidio.cz\/index.php?rest_route=\/wp\/v2\/types\/page"}],"author":[{"embeddable":true,"href":"https:\/\/www.texty.santegidio.cz\/index.php?rest_route=\/wp\/v2\/users\/1"}],"replies":[{"embeddable":true,"href":"https:\/\/www.texty.santegidio.cz\/index.php?rest_route=%2Fwp%2Fv2%2Fcomments&post=1013"}],"version-history":[{"count":0,"href":"https:\/\/www.texty.santegidio.cz\/index.php?rest_route=\/wp\/v2\/pages\/1013\/revisions"}],"up":[{"embeddable":true,"href":"https:\/\/www.texty.santegidio.cz\/index.php?rest_route=\/wp\/v2\/pages\/704"}],"wp:attachment":[{"href":"https:\/\/www.texty.santegidio.cz\/index.php?rest_route=%2Fwp%2Fv2%2Fmedia&parent=1013"}],"curies":[{"name":"wp","href":"https:\/\/api.w.org\/{rel}","templated":true}]}}