{"id":1012,"date":"2018-10-10T14:09:34","date_gmt":"2018-10-10T12:09:34","guid":{"rendered":"http:\/\/www.texty.santegidio.cz?page_id=1012"},"modified":"2018-10-10T14:09:34","modified_gmt":"2018-10-10T12:09:34","slug":"modlitba-v-dobe-po-letnicich","status":"publish","type":"page","link":"https:\/\/www.texty.santegidio.cz\/?page_id=1012","title":{"rendered":"Modlitba v dob\u011b po Letnic\u00edch"},"content":{"rendered":"<p>Pane, kter&yacute; jsi po Letnic&iacute;ch<br \/> poslal u\u010dedn&iacute;ky hl&aacute;sat do sv\u011bta Evangelium,<br \/> dej tak&eacute; n&aacute;m odvahu &scaron;&iacute;\u0159it jej,<br \/> dej n&aacute;m s&iacute;lu uzdravovat,<br \/> dej n&aacute;m milosrdenstv&iacute; ch&aacute;pat,<br \/> a&nbsp;ve\u010f n&aacute;s po cest\u011b, kterou m&aacute;me kr&aacute;\u010det.<br \/> &nbsp;<br \/> Ty zn&aacute;&scaron; m&eacute; nedostatky a&nbsp;strach,<br \/> v&iacute;&scaron; nejl&eacute;pe, kdo jsem,<br \/> a&nbsp;p\u0159ece jsi vlo\u017eil d\u016fv\u011bru do m&yacute;ch slabost&iacute;.<br \/> K&eacute;\u017e t\u011b nikdy nezklamu a&nbsp;nezrad&iacute;m,<br \/> ani neuraz&iacute;m, kdy\u017e t\u011b spat\u0159&iacute;m<br \/> v&nbsp;tv&aacute;\u0159i nejslab&scaron;&iacute;ch bratr\u016f.<br \/> &nbsp;<br \/> Odpus\u0165 mi cestu, kterou jsem &scaron;el bez l&aacute;sky,<br \/> h\u0159&iacute;ch dne&scaron;n&iacute;ho dne,<br \/> dej mi s&iacute;lu b&yacute;t v&iacute;ce lidsk&yacute;<br \/> pro dny budouc&iacute;<br \/> a&nbsp;b&yacute;t v\u017edy p\u0159ipraven pro tvou slu\u017ebu.<br \/> &nbsp;<br \/> Uchra\u0148 m\u011b od poku&scaron;en&iacute; sv\u011bta,<br \/> od lhostejnosti, kter&aacute; je nejv\u011bt&scaron;&iacute;m zlem,<br \/> otev\u0159i m\u011b v&iacute;ce pro tvou l&aacute;sku<br \/> a&nbsp;dej, a\u0165 jako pokorn&yacute; a&nbsp;poslu&scaron;n&yacute;<br \/> dojdu do zem\u011b v\u011b\u010dn&eacute; odplaty,<br \/> do svat&eacute;ho Jeruzal&eacute;ma.<br \/> Amen.<br \/> &nbsp;<\/p>\n","protected":false},"excerpt":{"rendered":"<p>Pane, kter&yacute; jsi po Letnic&iacute;ch poslal u\u010dedn&iacute;ky hl&aacute;sat do sv\u011bta Evangelium, dej tak&eacute; n&aacute;m odvahu &scaron;&iacute;\u0159it jej, dej n&aacute;m s&iacute;lu uzdravovat, dej n&aacute;m milosrdenstv&iacute; ch&aacute;pat, a&nbsp;ve\u010f n&aacute;s po cest\u011b, kterou m&aacute;me kr&aacute;\u010det. &nbsp; Ty zn&aacute;&scaron; m&eacute; nedostatky a&nbsp;strach, v&iacute;&scaron; nejl&eacute;pe, kdo jsem, a&nbsp;p\u0159ece jsi vlo\u017eil d\u016fv\u011bru do m&yacute;ch slabost&iacute;. K&eacute;\u017e t\u011b nikdy nezklamu a&nbsp;nezrad&iacute;m, ani &#8230; <a title=\"Modlitba v dob\u011b po Letnic\u00edch\" class=\"read-more\" href=\"https:\/\/www.texty.santegidio.cz\/?page_id=1012\" aria-label=\"More on Modlitba v dob\u011b po Letnic\u00edch\">Read more<\/a><\/p>\n","protected":false},"author":1,"featured_media":0,"parent":702,"menu_order":0,"comment_status":"open","ping_status":"open","template":"","meta":{"_uag_custom_page_level_css":"","jetpack_post_was_ever_published":false,"footnotes":""},"class_list":["post-1012","page","type-page","status-publish"],"uagb_featured_image_src":{"full":false,"thumbnail":false,"medium":false,"medium_large":false,"large":false,"1536x1536":false,"2048x2048":false},"uagb_author_info":{"display_name":"Pavel","author_link":"https:\/\/www.texty.santegidio.cz\/?author=1"},"uagb_comment_info":0,"uagb_excerpt":"Pane, kter&yacute; jsi po Letnic&iacute;ch poslal u\u010dedn&iacute;ky hl&aacute;sat do sv\u011bta Evangelium, dej tak&eacute; n&aacute;m odvahu &scaron;&iacute;\u0159it jej, dej n&aacute;m s&iacute;lu uzdravovat, dej n&aacute;m milosrdenstv&iacute; ch&aacute;pat, a&nbsp;ve\u010f n&aacute;s po cest\u011b, kterou m&aacute;me kr&aacute;\u010det. &nbsp; Ty zn&aacute;&scaron; m&eacute; nedostatky a&nbsp;strach, v&iacute;&scaron; nejl&eacute;pe, kdo jsem, a&nbsp;p\u0159ece jsi vlo\u017eil d\u016fv\u011bru do m&yacute;ch slabost&iacute;. K&eacute;\u017e t\u011b nikdy nezklamu a&nbsp;nezrad&iacute;m, ani&hellip;","jetpack_sharing_enabled":true,"jetpack_shortlink":"https:\/\/wp.me\/PawMsT-gk","_links":{"self":[{"href":"https:\/\/www.texty.santegidio.cz\/index.php?rest_route=\/wp\/v2\/pages\/1012","targetHints":{"allow":["GET"]}}],"collection":[{"href":"https:\/\/www.texty.santegidio.cz\/index.php?rest_route=\/wp\/v2\/pages"}],"about":[{"href":"https:\/\/www.texty.santegidio.cz\/index.php?rest_route=\/wp\/v2\/types\/page"}],"author":[{"embeddable":true,"href":"https:\/\/www.texty.santegidio.cz\/index.php?rest_route=\/wp\/v2\/users\/1"}],"replies":[{"embeddable":true,"href":"https:\/\/www.texty.santegidio.cz\/index.php?rest_route=%2Fwp%2Fv2%2Fcomments&post=1012"}],"version-history":[{"count":0,"href":"https:\/\/www.texty.santegidio.cz\/index.php?rest_route=\/wp\/v2\/pages\/1012\/revisions"}],"up":[{"embeddable":true,"href":"https:\/\/www.texty.santegidio.cz\/index.php?rest_route=\/wp\/v2\/pages\/702"}],"wp:attachment":[{"href":"https:\/\/www.texty.santegidio.cz\/index.php?rest_route=%2Fwp%2Fv2%2Fmedia&parent=1012"}],"curies":[{"name":"wp","href":"https:\/\/api.w.org\/{rel}","templated":true}]}}