{"id":1011,"date":"2018-10-10T14:09:34","date_gmt":"2018-10-10T12:09:34","guid":{"rendered":"http:\/\/www.texty.santegidio.cz?page_id=1011"},"modified":"2018-10-10T14:09:34","modified_gmt":"2018-10-10T12:09:34","slug":"svatodusni-pozehnani","status":"publish","type":"page","link":"https:\/\/www.texty.santegidio.cz\/?page_id=1011","title":{"rendered":"Svatodu\u0161n\u00ed po\u017eehn\u00e1n\u00ed"},"content":{"rendered":"<p>B\u016fh, pramen ve&scaron;ker&eacute;ho sv\u011btla,<br \/> jen\u017e osv&iacute;til mysl u\u010dedn&iacute;k\u016f<br \/> a&nbsp;vylil na n\u011b Ducha svat&eacute;ho,<br \/> nech\u0165 n&aacute;s zahrne dary sv&eacute;ho Ducha<br \/> a&nbsp;napln&iacute; n&aacute;s sv&yacute;m po\u017eehn&aacute;n&iacute;m.<br \/> A\u0165 ohe\u0148 Ducha svat&eacute;ho,<br \/> kter&yacute; je l&aacute;ska,<br \/> n&aacute;s o\u010dist&iacute; od v&scaron;eho zla,<br \/> u\u010din&iacute; vytrval&yacute;mi ve v&iacute;\u0159e<br \/> a&nbsp;radostn&yacute;mi v&nbsp;nad\u011bji,<br \/> nyn&iacute; i&nbsp;v\u017edycky.<br \/> Amen.<br \/> <em>(\u0158&iacute;msk&yacute; mis&aacute;l)<\/em><br \/> &nbsp;<br \/> &nbsp;<\/p>\n","protected":false},"excerpt":{"rendered":"<p>B\u016fh, pramen ve&scaron;ker&eacute;ho sv\u011btla, jen\u017e osv&iacute;til mysl u\u010dedn&iacute;k\u016f a&nbsp;vylil na n\u011b Ducha svat&eacute;ho, nech\u0165 n&aacute;s zahrne dary sv&eacute;ho Ducha a&nbsp;napln&iacute; n&aacute;s sv&yacute;m po\u017eehn&aacute;n&iacute;m. A\u0165 ohe\u0148 Ducha svat&eacute;ho, kter&yacute; je l&aacute;ska, n&aacute;s o\u010dist&iacute; od v&scaron;eho zla, u\u010din&iacute; vytrval&yacute;mi ve v&iacute;\u0159e a&nbsp;radostn&yacute;mi v&nbsp;nad\u011bji, nyn&iacute; i&nbsp;v\u017edycky. Amen. (\u0158&iacute;msk&yacute; mis&aacute;l) &nbsp; &nbsp;<\/p>\n","protected":false},"author":1,"featured_media":0,"parent":702,"menu_order":0,"comment_status":"open","ping_status":"open","template":"","meta":{"_uag_custom_page_level_css":"","jetpack_post_was_ever_published":false,"footnotes":""},"class_list":["post-1011","page","type-page","status-publish"],"uagb_featured_image_src":{"full":false,"thumbnail":false,"medium":false,"medium_large":false,"large":false,"1536x1536":false,"2048x2048":false},"uagb_author_info":{"display_name":"Pavel","author_link":"https:\/\/www.texty.santegidio.cz\/?author=1"},"uagb_comment_info":0,"uagb_excerpt":"B\u016fh, pramen ve&scaron;ker&eacute;ho sv\u011btla, jen\u017e osv&iacute;til mysl u\u010dedn&iacute;k\u016f a&nbsp;vylil na n\u011b Ducha svat&eacute;ho, nech\u0165 n&aacute;s zahrne dary sv&eacute;ho Ducha a&nbsp;napln&iacute; n&aacute;s sv&yacute;m po\u017eehn&aacute;n&iacute;m. A\u0165 ohe\u0148 Ducha svat&eacute;ho, kter&yacute; je l&aacute;ska, n&aacute;s o\u010dist&iacute; od v&scaron;eho zla, u\u010din&iacute; vytrval&yacute;mi ve v&iacute;\u0159e a&nbsp;radostn&yacute;mi v&nbsp;nad\u011bji, nyn&iacute; i&nbsp;v\u017edycky. Amen. (\u0158&iacute;msk&yacute; mis&aacute;l) &nbsp; &nbsp;","jetpack_sharing_enabled":true,"jetpack_shortlink":"https:\/\/wp.me\/PawMsT-gj","_links":{"self":[{"href":"https:\/\/www.texty.santegidio.cz\/index.php?rest_route=\/wp\/v2\/pages\/1011","targetHints":{"allow":["GET"]}}],"collection":[{"href":"https:\/\/www.texty.santegidio.cz\/index.php?rest_route=\/wp\/v2\/pages"}],"about":[{"href":"https:\/\/www.texty.santegidio.cz\/index.php?rest_route=\/wp\/v2\/types\/page"}],"author":[{"embeddable":true,"href":"https:\/\/www.texty.santegidio.cz\/index.php?rest_route=\/wp\/v2\/users\/1"}],"replies":[{"embeddable":true,"href":"https:\/\/www.texty.santegidio.cz\/index.php?rest_route=%2Fwp%2Fv2%2Fcomments&post=1011"}],"version-history":[{"count":0,"href":"https:\/\/www.texty.santegidio.cz\/index.php?rest_route=\/wp\/v2\/pages\/1011\/revisions"}],"up":[{"embeddable":true,"href":"https:\/\/www.texty.santegidio.cz\/index.php?rest_route=\/wp\/v2\/pages\/702"}],"wp:attachment":[{"href":"https:\/\/www.texty.santegidio.cz\/index.php?rest_route=%2Fwp%2Fv2%2Fmedia&parent=1011"}],"curies":[{"name":"wp","href":"https:\/\/api.w.org\/{rel}","templated":true}]}}