{"id":1010,"date":"2018-10-10T14:09:34","date_gmt":"2018-10-10T12:09:34","guid":{"rendered":"http:\/\/www.texty.santegidio.cz?page_id=1010"},"modified":"2018-10-10T14:09:34","modified_gmt":"2018-10-10T12:09:34","slug":"modlitba-o-ducha-svateho","status":"publish","type":"page","link":"https:\/\/www.texty.santegidio.cz\/?page_id=1010","title":{"rendered":"Modlitba o Ducha svat\u00e9ho"},"content":{"rendered":"<p>Ot\u010de,<br \/> se&scaron;li n&aacute;m ve&nbsp;sv&eacute;m jm&eacute;nu svat&eacute;ho Ducha,<br \/> kter&yacute; n&aacute;s bude u\u010dit,<br \/> kter&yacute; n&aacute;m p\u0159ipomene ka\u017ed&eacute; Je\u017e&iacute;&scaron;ovo slovo<br \/> a&nbsp;kter&yacute; s&nbsp;n&aacute;mi z\u016fstane nav\u017edy.<br \/> Duch bude na&scaron;&iacute;m t\u011b&scaron;itelem,<br \/> bude st&aacute;t p\u0159i n&aacute;s na slo\u017eit&yacute;ch cest&aacute;ch \u017eivotem,<br \/> dovede n&aacute;s k&nbsp;pravd\u011b,<br \/> abychom m\u011bli opravdovou l&aacute;sku.<br \/> Duch n&aacute;s otev\u0159e v\u011bcem budouc&iacute;m<br \/> a&nbsp;d&aacute; n&aacute;m v&scaron;e, co je tv&eacute;.<br \/> &nbsp;<br \/> Ot\u010de,<br \/> napl\u0148 sv&yacute;m Duchem \u017eivot ka\u017ed&eacute;ho z&nbsp;n&aacute;s;<br \/> napl\u0148 na&scaron;e srdce;<br \/> a\u0165 na&scaron;e komunita p\u0159et&eacute;k&aacute; l&aacute;skou;<br \/> a\u0165 se rod&iacute; proroci, rostou sny;<br \/> a\u0165 vytryskne milosrdenstv&iacute;<br \/> a&nbsp;vane do cel&eacute;ho sv\u011bta,<br \/> zejm&eacute;na tam, kde je zlo,<br \/> bolest, samota, nen&aacute;vist;<br \/> a\u0165 obnov&iacute; tv&aacute;\u0159 v&scaron;ech lid&iacute;;<br \/> a\u0165 obnov&iacute; srdce n&aacute;rod\u016f<br \/> a&nbsp;zm\u011bn&iacute; n&aacute;&scaron; sv\u011bt.<br \/> S&nbsp;v&iacute;rou a&nbsp;svornost&iacute;<br \/> t\u011b, Ot\u010de, sna\u017en\u011b pros&iacute;me.<br \/> Amen.<br \/> &nbsp;<\/p>\n","protected":false},"excerpt":{"rendered":"<p>Ot\u010de, se&scaron;li n&aacute;m ve&nbsp;sv&eacute;m jm&eacute;nu svat&eacute;ho Ducha, kter&yacute; n&aacute;s bude u\u010dit, kter&yacute; n&aacute;m p\u0159ipomene ka\u017ed&eacute; Je\u017e&iacute;&scaron;ovo slovo a&nbsp;kter&yacute; s&nbsp;n&aacute;mi z\u016fstane nav\u017edy. Duch bude na&scaron;&iacute;m t\u011b&scaron;itelem, bude st&aacute;t p\u0159i n&aacute;s na slo\u017eit&yacute;ch cest&aacute;ch \u017eivotem, dovede n&aacute;s k&nbsp;pravd\u011b, abychom m\u011bli opravdovou l&aacute;sku. Duch n&aacute;s otev\u0159e v\u011bcem budouc&iacute;m a&nbsp;d&aacute; n&aacute;m v&scaron;e, co je tv&eacute;. &nbsp; Ot\u010de, napl\u0148 sv&yacute;m &#8230; <a title=\"Modlitba o Ducha svat\u00e9ho\" class=\"read-more\" href=\"https:\/\/www.texty.santegidio.cz\/?page_id=1010\" aria-label=\"More on Modlitba o Ducha svat\u00e9ho\">Read more<\/a><\/p>\n","protected":false},"author":1,"featured_media":0,"parent":702,"menu_order":0,"comment_status":"open","ping_status":"open","template":"","meta":{"_uag_custom_page_level_css":"","jetpack_post_was_ever_published":false,"footnotes":""},"class_list":["post-1010","page","type-page","status-publish"],"uagb_featured_image_src":{"full":false,"thumbnail":false,"medium":false,"medium_large":false,"large":false,"1536x1536":false,"2048x2048":false},"uagb_author_info":{"display_name":"Pavel","author_link":"https:\/\/www.texty.santegidio.cz\/?author=1"},"uagb_comment_info":0,"uagb_excerpt":"Ot\u010de, se&scaron;li n&aacute;m ve&nbsp;sv&eacute;m jm&eacute;nu svat&eacute;ho Ducha, kter&yacute; n&aacute;s bude u\u010dit, kter&yacute; n&aacute;m p\u0159ipomene ka\u017ed&eacute; Je\u017e&iacute;&scaron;ovo slovo a&nbsp;kter&yacute; s&nbsp;n&aacute;mi z\u016fstane nav\u017edy. Duch bude na&scaron;&iacute;m t\u011b&scaron;itelem, bude st&aacute;t p\u0159i n&aacute;s na slo\u017eit&yacute;ch cest&aacute;ch \u017eivotem, dovede n&aacute;s k&nbsp;pravd\u011b, abychom m\u011bli opravdovou l&aacute;sku. Duch n&aacute;s otev\u0159e v\u011bcem budouc&iacute;m a&nbsp;d&aacute; n&aacute;m v&scaron;e, co je tv&eacute;. &nbsp; Ot\u010de, napl\u0148 sv&yacute;m&hellip;","jetpack_sharing_enabled":true,"jetpack_shortlink":"https:\/\/wp.me\/PawMsT-gi","_links":{"self":[{"href":"https:\/\/www.texty.santegidio.cz\/index.php?rest_route=\/wp\/v2\/pages\/1010","targetHints":{"allow":["GET"]}}],"collection":[{"href":"https:\/\/www.texty.santegidio.cz\/index.php?rest_route=\/wp\/v2\/pages"}],"about":[{"href":"https:\/\/www.texty.santegidio.cz\/index.php?rest_route=\/wp\/v2\/types\/page"}],"author":[{"embeddable":true,"href":"https:\/\/www.texty.santegidio.cz\/index.php?rest_route=\/wp\/v2\/users\/1"}],"replies":[{"embeddable":true,"href":"https:\/\/www.texty.santegidio.cz\/index.php?rest_route=%2Fwp%2Fv2%2Fcomments&post=1010"}],"version-history":[{"count":0,"href":"https:\/\/www.texty.santegidio.cz\/index.php?rest_route=\/wp\/v2\/pages\/1010\/revisions"}],"up":[{"embeddable":true,"href":"https:\/\/www.texty.santegidio.cz\/index.php?rest_route=\/wp\/v2\/pages\/702"}],"wp:attachment":[{"href":"https:\/\/www.texty.santegidio.cz\/index.php?rest_route=%2Fwp%2Fv2%2Fmedia&parent=1010"}],"curies":[{"name":"wp","href":"https:\/\/api.w.org\/{rel}","templated":true}]}}