{"id":101,"date":"2018-12-12T10:15:06","date_gmt":"2018-12-12T09:15:06","guid":{"rendered":"http:\/\/www.texty.santegidio.cz?page_id=101"},"modified":"2018-12-12T10:15:07","modified_gmt":"2018-12-12T09:15:07","slug":"zalm-49","status":"publish","type":"page","link":"https:\/\/www.texty.santegidio.cz\/?page_id=101","title":{"rendered":"\u017dalm 49"},"content":{"rendered":"<p>Shroma\u017e\u010fujte si poklady v nebi.<\/p>\n<p>&#8211; <sup>2<\/span><\/sup> Poslechn\u011bte si, v\u0161echny n\u00e1rody,<br \/>posly\u0161te v\u0161ichni, co jich z<strong>e<\/strong>m\u011b nos\u00ed,<\/p>\n<p>&#8211; <sup>3<\/span><\/sup> vy lid\u00e9 prost\u00ed i vy vzne\u0161en\u00ed,<br \/>vy bohat\u00ed tak pr\u00e1v\u011b j<strong>a<\/strong>ko chud\u00ed!<\/p>\n<p>&#8211; <sup>4<\/span><\/sup> A\u0165 moud\u0159e te\u010f m\u00e1 \u00fasta promluv\u00ed,<br \/>jde o pozn\u00e1n\u00ed z \u00favah m<strong>\u00e9<\/strong>ho srdce.<\/p>\n<p>&#8211; <sup>5<\/span><\/sup> S\u00e1m poslechnu si moudrou pr\u016fpov\u011b\u010f,<br \/>za zvuk\u016f lyry zjev\u00edm sv<strong>o<\/strong>ji tajnost.<\/p>\n<p>&#8211; <sup>6<\/span><\/sup> Pro\u010d bych se b\u00e1l i v nep\u0159\u00edzniv\u00fdch dnech,<br \/>kdy zloba nep\u0159\u00e1tel m\u011b <strong>o<\/strong>bklopuje?<\/p>\n<p>&#8211; <sup>7<\/span><\/sup> Spol\u00e9haj\u00ed se na sv\u00e9 bohatstv\u00ed,<br \/>hojnost\u00ed poklad\u016f se v<strong>y<\/strong>chloubaj\u00ed.<\/p>\n<p>&#8211; <sup>8<\/span><\/sup> V\u017edy\u0165 nikdo si sv\u016fj \u017eivot nekoup\u00ed,<br \/>za sebe Bohu v\u00fdkup n<strong>e<\/strong>zaplat\u00ed,<\/p>\n<p>&#8211; <sup>9<\/span><\/sup> je p\u0159\u00edli\u0161 velk\u00e1 cena za \u017eivot<br \/>a nikdy se j\u00ed nikdo n<strong>e<\/strong>doplat\u00ed,<\/p>\n<p>&#8211; <sup>10<\/span><\/sup> tak aby mohl d\u00e1l a nav\u017edy \u017e\u00edt<br \/>a nikdy nepohl\u00e9dl d<strong>o<\/strong> tmy hrobu.<\/p>\n<p>&#8211; <sup>11<\/span><\/sup> Vid\u00edme toti\u017e moudr\u00e9 um\u00edrat,<br \/>stejn\u011b jak hyne hlup\u00e1k n<strong>e<\/strong>bo bl\u00e1zen.<\/p>\n<p>&#8211; <sup>12<\/span><\/sup> Nav\u017edy jen hrob je jejich domovem,<br \/>p\u0159\u00edbytkem pro ve\u0161ker\u00e1 p<strong>o<\/strong>kolen\u00ed.<br \/>&#8211; I kdy\u017e jim cel\u00e9 kraje pat\u0159ily:<br \/>v\u0161echno, co m\u011bli, nech<strong>a<\/strong>j\u00ed zde jin\u00fdm.<\/p>\n<p>&#8211; <sup>13<\/span><\/sup> Tak \u010dlov\u011bk ve sv\u00e9m lesku nevid\u00ed,<br \/>\u017ee je jak zv\u011b\u0159, ji\u017e vedou n<strong>a<\/strong> por\u00e1\u017eku.<\/p>\n<p>&#8211; <sup>14<\/span><\/sup> To\u0165 cesta t\u011bch, kdo v sebe v\u011b\u0159ili,<br \/>los t\u011bch, kdo hojnost\u00ed se v<strong>y<\/strong>chloubali.<\/p>\n<p>&#8211; <sup>15<\/span><\/sup> Jsou jako st\u00e1do, kter\u00e9 pase smrt,<br \/>a tak se propadaj\u00ed d<strong>o<\/strong> podsv\u011bt\u00ed.<br \/>&#8211; Kr\u00e1\u010dej\u00ed rovnou cestou do hrobu,<br \/>tv\u00e1\u0159 jejich zetl\u00ed, podsv<strong>\u011b<\/strong>t\u00ed je zhlt\u00ed.<\/p>\n<p>&#8211; <sup>16<\/span><\/sup> Zat\u00edmco B\u016fh m\u016fj \u017eivot vykoup\u00ed,<br \/>on z moci podsv\u011bt\u00ed m\u011b j<strong>i<\/strong>st\u011b vyrve.<\/p>\n<p>&#8211; <sup>17<\/span><\/sup> Nermu\u0165 se, jestli n\u011bkdo bohatne<br \/>a rozmno\u017euje v\u00e1\u017enost sv<strong>\u00e9<\/strong>ho domu.<\/p>\n<p>&#8211; <sup>18<\/span><\/sup> Zem\u0159e a nic si s sebou nevezme,<br \/>tu n\u00e1dheru si pod zem n<strong>e<\/strong>odnese.<\/p>\n<p>&#8211; <sup>19<\/span><\/sup> A\u0165 za\u017eiva se \u0161\u0165astn\u011b vychloub\u00e1:<br \/>&bdquo;Chv\u00e1lit t\u011b budou, jak ses t<strong>u<\/strong> m\u011bl dob\u0159e,&ldquo;<\/p>\n<p>&#8211; <sup>20<\/span><\/sup> nakonec vejde do \u0159ad otc\u016f sv\u00fdch,<br \/>co nav\u011bky u\u017e neuv<strong>i<\/strong>d\u00ed sv\u011btlo.<\/p>\n<p>&#8211; <sup>21<\/span><\/sup> Tak \u010dlov\u011bk ve sv\u00e9m lesku nevid\u00ed,<br \/>\u017ee je jak zv\u011b\u0159, ji\u017e vedou n<strong>a<\/strong> por\u00e1\u017eku.<\/p>\n","protected":false},"excerpt":{"rendered":"<p>Shroma\u017e\u010fujte si poklady v nebi. &#8211; 2 Poslechn\u011bte si, v\u0161echny n\u00e1rody,posly\u0161te v\u0161ichni, co jich zem\u011b nos\u00ed, &#8211; 3 vy lid\u00e9 prost\u00ed i vy vzne\u0161en\u00ed,vy bohat\u00ed tak pr\u00e1v\u011b jako chud\u00ed! &#8211; 4 A\u0165 moud\u0159e te\u010f m\u00e1 \u00fasta promluv\u00ed,jde o pozn\u00e1n\u00ed z \u00favah m\u00e9ho srdce. &#8211; 5 S\u00e1m poslechnu si moudrou pr\u016fpov\u011b\u010f,za zvuk\u016f lyry zjev\u00edm svoji tajnost. &#8230; <a title=\"\u017dalm 49\" class=\"read-more\" href=\"https:\/\/www.texty.santegidio.cz\/?page_id=101\" aria-label=\"More on \u017dalm 49\">Read more<\/a><\/p>\n","protected":false},"author":1,"featured_media":0,"parent":29,"menu_order":0,"comment_status":"closed","ping_status":"closed","template":"","meta":{"_uag_custom_page_level_css":"","jetpack_post_was_ever_published":false,"footnotes":""},"class_list":["post-101","page","type-page","status-publish"],"uagb_featured_image_src":{"full":false,"thumbnail":false,"medium":false,"medium_large":false,"large":false,"1536x1536":false,"2048x2048":false},"uagb_author_info":{"display_name":"Pavel","author_link":"https:\/\/www.texty.santegidio.cz\/?author=1"},"uagb_comment_info":0,"uagb_excerpt":"Shroma\u017e\u010fujte si poklady v nebi. &#8211; 2 Poslechn\u011bte si, v\u0161echny n\u00e1rody,posly\u0161te v\u0161ichni, co jich zem\u011b nos\u00ed, &#8211; 3 vy lid\u00e9 prost\u00ed i vy vzne\u0161en\u00ed,vy bohat\u00ed tak pr\u00e1v\u011b jako chud\u00ed! &#8211; 4 A\u0165 moud\u0159e te\u010f m\u00e1 \u00fasta promluv\u00ed,jde o pozn\u00e1n\u00ed z \u00favah m\u00e9ho srdce. &#8211; 5 S\u00e1m poslechnu si moudrou pr\u016fpov\u011b\u010f,za zvuk\u016f lyry zjev\u00edm svoji tajnost.&hellip;","jetpack_sharing_enabled":true,"jetpack_shortlink":"https:\/\/wp.me\/PawMsT-1D","_links":{"self":[{"href":"https:\/\/www.texty.santegidio.cz\/index.php?rest_route=\/wp\/v2\/pages\/101","targetHints":{"allow":["GET"]}}],"collection":[{"href":"https:\/\/www.texty.santegidio.cz\/index.php?rest_route=\/wp\/v2\/pages"}],"about":[{"href":"https:\/\/www.texty.santegidio.cz\/index.php?rest_route=\/wp\/v2\/types\/page"}],"author":[{"embeddable":true,"href":"https:\/\/www.texty.santegidio.cz\/index.php?rest_route=\/wp\/v2\/users\/1"}],"replies":[{"embeddable":true,"href":"https:\/\/www.texty.santegidio.cz\/index.php?rest_route=%2Fwp%2Fv2%2Fcomments&post=101"}],"version-history":[{"count":1,"href":"https:\/\/www.texty.santegidio.cz\/index.php?rest_route=\/wp\/v2\/pages\/101\/revisions"}],"predecessor-version":[{"id":1271,"href":"https:\/\/www.texty.santegidio.cz\/index.php?rest_route=\/wp\/v2\/pages\/101\/revisions\/1271"}],"up":[{"embeddable":true,"href":"https:\/\/www.texty.santegidio.cz\/index.php?rest_route=\/wp\/v2\/pages\/29"}],"wp:attachment":[{"href":"https:\/\/www.texty.santegidio.cz\/index.php?rest_route=%2Fwp%2Fv2%2Fmedia&parent=101"}],"curies":[{"name":"wp","href":"https:\/\/api.w.org\/{rel}","templated":true}]}}