{"id":1009,"date":"2018-10-10T14:09:26","date_gmt":"2018-10-10T12:09:26","guid":{"rendered":"http:\/\/www.texty.santegidio.cz?page_id=1009"},"modified":"2018-10-10T14:09:26","modified_gmt":"2018-10-10T12:09:26","slug":"velikonocni-modlitba","status":"publish","type":"page","link":"https:\/\/www.texty.santegidio.cz\/?page_id=1009","title":{"rendered":"Velikono\u010dn\u00ed modlitba"},"content":{"rendered":"<p>Velikono\u010dn&iacute; ob\u011bti <br \/> vzdejme sv&eacute; chv&aacute;ly, k\u0159es\u0165an&eacute;,<br \/> Ber&aacute;nek spasil ovce,<br \/> Kristus nevinn&yacute; <br \/> s&nbsp;h\u0159&iacute;&scaron;n&iacute;ky sm&iacute;\u0159il Otce.<br \/> &nbsp;<br \/> St\u0159etly se v&nbsp;divn&eacute;m souboji:<br \/> \u017eivot a&nbsp;smrt. Je po boji.<br \/> Ten, kter&yacute; zem\u0159el, z&nbsp;mrtv&yacute;ch vstal,<br \/> aby n&aacute;m v\u011b\u010dn\u011b kraloval!<br \/> &nbsp;<br \/> Poj\u010f a&nbsp;pov\u011bz n&aacute;m, Maria,<br \/> co jsi na cest\u011b vid\u011bla?<br \/> Hrob Krista \u017eiv&eacute;ho,<br \/> sl&aacute;vu Vzk\u0159&iacute;&scaron;en&eacute;ho;<br \/> and\u011bly jako sv\u011bdky st&aacute;t,<br \/> na zemi rou&scaron;ku, b&iacute;l&yacute; &scaron;at.<br \/> &nbsp;<br \/> U\u017e jde Kristus, m&aacute; nad\u011bje<br \/> p\u0159ed n&aacute;mi do Galileje.<br \/> V&iacute;me, \u017ee Kristus z&nbsp;hrobu vstal,<br \/> vpravd\u011b byl vzk\u0159&iacute;&scaron;en sv\u011bta kr&aacute;l.<br \/> V&iacute;t\u011bzn&yacute;, korunovan&yacute;,<br \/> smiluj se, Kriste, nad n&aacute;mi.<br \/> Amen. Aleluja.<br \/> <em>(\u0158&iacute;msk&yacute; mis&aacute;l)<\/em><\/p>\n","protected":false},"excerpt":{"rendered":"<p>Velikono\u010dn&iacute; ob\u011bti vzdejme sv&eacute; chv&aacute;ly, k\u0159es\u0165an&eacute;, Ber&aacute;nek spasil ovce, Kristus nevinn&yacute; s&nbsp;h\u0159&iacute;&scaron;n&iacute;ky sm&iacute;\u0159il Otce. &nbsp; St\u0159etly se v&nbsp;divn&eacute;m souboji: \u017eivot a&nbsp;smrt. Je po boji. Ten, kter&yacute; zem\u0159el, z&nbsp;mrtv&yacute;ch vstal, aby n&aacute;m v\u011b\u010dn\u011b kraloval! &nbsp; Poj\u010f a&nbsp;pov\u011bz n&aacute;m, Maria, co jsi na cest\u011b vid\u011bla? Hrob Krista \u017eiv&eacute;ho, sl&aacute;vu Vzk\u0159&iacute;&scaron;en&eacute;ho; and\u011bly jako sv\u011bdky st&aacute;t, na zemi rou&scaron;ku, &#8230; <a title=\"Velikono\u010dn\u00ed modlitba\" class=\"read-more\" href=\"https:\/\/www.texty.santegidio.cz\/?page_id=1009\" aria-label=\"More on Velikono\u010dn\u00ed modlitba\">Read more<\/a><\/p>\n","protected":false},"author":1,"featured_media":0,"parent":702,"menu_order":0,"comment_status":"open","ping_status":"open","template":"","meta":{"_uag_custom_page_level_css":"","jetpack_post_was_ever_published":false,"footnotes":""},"class_list":["post-1009","page","type-page","status-publish"],"uagb_featured_image_src":{"full":false,"thumbnail":false,"medium":false,"medium_large":false,"large":false,"1536x1536":false,"2048x2048":false},"uagb_author_info":{"display_name":"Pavel","author_link":"https:\/\/www.texty.santegidio.cz\/?author=1"},"uagb_comment_info":0,"uagb_excerpt":"Velikono\u010dn&iacute; ob\u011bti vzdejme sv&eacute; chv&aacute;ly, k\u0159es\u0165an&eacute;, Ber&aacute;nek spasil ovce, Kristus nevinn&yacute; s&nbsp;h\u0159&iacute;&scaron;n&iacute;ky sm&iacute;\u0159il Otce. &nbsp; St\u0159etly se v&nbsp;divn&eacute;m souboji: \u017eivot a&nbsp;smrt. Je po boji. Ten, kter&yacute; zem\u0159el, z&nbsp;mrtv&yacute;ch vstal, aby n&aacute;m v\u011b\u010dn\u011b kraloval! &nbsp; Poj\u010f a&nbsp;pov\u011bz n&aacute;m, Maria, co jsi na cest\u011b vid\u011bla? Hrob Krista \u017eiv&eacute;ho, sl&aacute;vu Vzk\u0159&iacute;&scaron;en&eacute;ho; and\u011bly jako sv\u011bdky st&aacute;t, na zemi rou&scaron;ku,&hellip;","jetpack_sharing_enabled":true,"jetpack_shortlink":"https:\/\/wp.me\/PawMsT-gh","_links":{"self":[{"href":"https:\/\/www.texty.santegidio.cz\/index.php?rest_route=\/wp\/v2\/pages\/1009","targetHints":{"allow":["GET"]}}],"collection":[{"href":"https:\/\/www.texty.santegidio.cz\/index.php?rest_route=\/wp\/v2\/pages"}],"about":[{"href":"https:\/\/www.texty.santegidio.cz\/index.php?rest_route=\/wp\/v2\/types\/page"}],"author":[{"embeddable":true,"href":"https:\/\/www.texty.santegidio.cz\/index.php?rest_route=\/wp\/v2\/users\/1"}],"replies":[{"embeddable":true,"href":"https:\/\/www.texty.santegidio.cz\/index.php?rest_route=%2Fwp%2Fv2%2Fcomments&post=1009"}],"version-history":[{"count":0,"href":"https:\/\/www.texty.santegidio.cz\/index.php?rest_route=\/wp\/v2\/pages\/1009\/revisions"}],"up":[{"embeddable":true,"href":"https:\/\/www.texty.santegidio.cz\/index.php?rest_route=\/wp\/v2\/pages\/702"}],"wp:attachment":[{"href":"https:\/\/www.texty.santegidio.cz\/index.php?rest_route=%2Fwp%2Fv2%2Fmedia&parent=1009"}],"curies":[{"name":"wp","href":"https:\/\/api.w.org\/{rel}","templated":true}]}}