{"id":1008,"date":"2018-10-10T14:09:26","date_gmt":"2018-10-10T12:09:26","guid":{"rendered":"http:\/\/www.texty.santegidio.cz?page_id=1008"},"modified":"2018-10-10T14:09:26","modified_gmt":"2018-10-10T12:09:26","slug":"modlitba-ke-vzkrisenemu-kristu","status":"publish","type":"page","link":"https:\/\/www.texty.santegidio.cz\/?page_id=1008","title":{"rendered":"Modlitba ke vzk\u0159\u00ed\u0161en\u00e9mu Kristu"},"content":{"rendered":"<p>&Oacute; Je\u017e&iacute;&scaron;i, kter&yacute; jsi sv&yacute;m vzk\u0159&iacute;&scaron;en&iacute;m<br \/> p\u0159emohl h\u0159&iacute;ch a&nbsp;smrt,<br \/> dej tak&eacute; n&aacute;m vst&aacute;t z&nbsp;mrtv&yacute;ch s&nbsp;tebou,<br \/> abychom byli sv\u011btlem sv\u011bta a&nbsp;sol&iacute; zem\u011b.<br \/> U\u010di\u0148 v&nbsp;n&aacute;s, Pane,<br \/> prom\u011bnu na&scaron;eho \u017eivota,<br \/> ty, kter&yacute; p\u016fsob&iacute;&scaron; v&nbsp;du&scaron;&iacute;ch t\u011bch, kdo t\u011b miluj&iacute;:<br \/> dej, a\u0165 na&scaron;e srdce, spojen&eacute; s&nbsp;tebou,<br \/> zaz&aacute;\u0159&iacute; sv\u011btlem, zaj&aacute;s&aacute; radost&iacute;<br \/> a&nbsp;dovr&scaron;en&iacute;m dobr&eacute;ho<br \/> p\u0159em\u016f\u017ee v&nbsp;n&aacute;s ka\u017ed&yacute; h\u0159&iacute;ch.<br \/> Ty, kter&yacute; jsi p\u0159emohl smrt<br \/> a&nbsp;uk&aacute;zal jsi n&aacute;m cestu<br \/> k&nbsp;\u017eivotu bez konce,<br \/> probu\u010f v&nbsp;n&aacute;s l&aacute;sku siln\u011bj&scaron;&iacute; ne\u017eli smrt,<br \/> a\u0165 m\u016f\u017eeme v&scaron;em hl&aacute;sat<br \/> Evangelium tv&eacute;ho vzk\u0159&iacute;&scaron;en&iacute;,<br \/> sv\u011btlo, kter&eacute; rozpt&yacute;l&iacute; noc tohoto sv\u011bta<br \/> nyn&iacute; i&nbsp;v\u017edycky.<br \/> Amen.<\/p>\n","protected":false},"excerpt":{"rendered":"<p>&Oacute; Je\u017e&iacute;&scaron;i, kter&yacute; jsi sv&yacute;m vzk\u0159&iacute;&scaron;en&iacute;m p\u0159emohl h\u0159&iacute;ch a&nbsp;smrt, dej tak&eacute; n&aacute;m vst&aacute;t z&nbsp;mrtv&yacute;ch s&nbsp;tebou, abychom byli sv\u011btlem sv\u011bta a&nbsp;sol&iacute; zem\u011b. U\u010di\u0148 v&nbsp;n&aacute;s, Pane, prom\u011bnu na&scaron;eho \u017eivota, ty, kter&yacute; p\u016fsob&iacute;&scaron; v&nbsp;du&scaron;&iacute;ch t\u011bch, kdo t\u011b miluj&iacute;: dej, a\u0165 na&scaron;e srdce, spojen&eacute; s&nbsp;tebou, zaz&aacute;\u0159&iacute; sv\u011btlem, zaj&aacute;s&aacute; radost&iacute; a&nbsp;dovr&scaron;en&iacute;m dobr&eacute;ho p\u0159em\u016f\u017ee v&nbsp;n&aacute;s ka\u017ed&yacute; h\u0159&iacute;ch. Ty, kter&yacute; jsi p\u0159emohl &#8230; <a title=\"Modlitba ke vzk\u0159\u00ed\u0161en\u00e9mu Kristu\" class=\"read-more\" href=\"https:\/\/www.texty.santegidio.cz\/?page_id=1008\" aria-label=\"More on Modlitba ke vzk\u0159\u00ed\u0161en\u00e9mu Kristu\">Read more<\/a><\/p>\n","protected":false},"author":1,"featured_media":0,"parent":702,"menu_order":0,"comment_status":"open","ping_status":"open","template":"","meta":{"_uag_custom_page_level_css":"","jetpack_post_was_ever_published":false,"footnotes":""},"class_list":["post-1008","page","type-page","status-publish"],"uagb_featured_image_src":{"full":false,"thumbnail":false,"medium":false,"medium_large":false,"large":false,"1536x1536":false,"2048x2048":false},"uagb_author_info":{"display_name":"Pavel","author_link":"https:\/\/www.texty.santegidio.cz\/?author=1"},"uagb_comment_info":0,"uagb_excerpt":"&Oacute; Je\u017e&iacute;&scaron;i, kter&yacute; jsi sv&yacute;m vzk\u0159&iacute;&scaron;en&iacute;m p\u0159emohl h\u0159&iacute;ch a&nbsp;smrt, dej tak&eacute; n&aacute;m vst&aacute;t z&nbsp;mrtv&yacute;ch s&nbsp;tebou, abychom byli sv\u011btlem sv\u011bta a&nbsp;sol&iacute; zem\u011b. U\u010di\u0148 v&nbsp;n&aacute;s, Pane, prom\u011bnu na&scaron;eho \u017eivota, ty, kter&yacute; p\u016fsob&iacute;&scaron; v&nbsp;du&scaron;&iacute;ch t\u011bch, kdo t\u011b miluj&iacute;: dej, a\u0165 na&scaron;e srdce, spojen&eacute; s&nbsp;tebou, zaz&aacute;\u0159&iacute; sv\u011btlem, zaj&aacute;s&aacute; radost&iacute; a&nbsp;dovr&scaron;en&iacute;m dobr&eacute;ho p\u0159em\u016f\u017ee v&nbsp;n&aacute;s ka\u017ed&yacute; h\u0159&iacute;ch. Ty, kter&yacute; jsi p\u0159emohl&hellip;","jetpack_sharing_enabled":true,"jetpack_shortlink":"https:\/\/wp.me\/PawMsT-gg","_links":{"self":[{"href":"https:\/\/www.texty.santegidio.cz\/index.php?rest_route=\/wp\/v2\/pages\/1008","targetHints":{"allow":["GET"]}}],"collection":[{"href":"https:\/\/www.texty.santegidio.cz\/index.php?rest_route=\/wp\/v2\/pages"}],"about":[{"href":"https:\/\/www.texty.santegidio.cz\/index.php?rest_route=\/wp\/v2\/types\/page"}],"author":[{"embeddable":true,"href":"https:\/\/www.texty.santegidio.cz\/index.php?rest_route=\/wp\/v2\/users\/1"}],"replies":[{"embeddable":true,"href":"https:\/\/www.texty.santegidio.cz\/index.php?rest_route=%2Fwp%2Fv2%2Fcomments&post=1008"}],"version-history":[{"count":0,"href":"https:\/\/www.texty.santegidio.cz\/index.php?rest_route=\/wp\/v2\/pages\/1008\/revisions"}],"up":[{"embeddable":true,"href":"https:\/\/www.texty.santegidio.cz\/index.php?rest_route=\/wp\/v2\/pages\/702"}],"wp:attachment":[{"href":"https:\/\/www.texty.santegidio.cz\/index.php?rest_route=%2Fwp%2Fv2%2Fmedia&parent=1008"}],"curies":[{"name":"wp","href":"https:\/\/api.w.org\/{rel}","templated":true}]}}