{"id":1007,"date":"2018-10-10T14:09:26","date_gmt":"2018-10-10T12:09:26","guid":{"rendered":"http:\/\/www.texty.santegidio.cz?page_id=1007"},"modified":"2018-10-10T14:09:26","modified_gmt":"2018-10-10T12:09:26","slug":"modlitba-vzkriseni","status":"publish","type":"page","link":"https:\/\/www.texty.santegidio.cz\/?page_id=1007","title":{"rendered":"Modlitba vzk\u0159\u00ed\u0161en\u00ed"},"content":{"rendered":"<p>Rozj&iacute;mejme nad vzk\u0159&iacute;&scaron;en&iacute;m Krista,<br \/> velebme Je\u017e&iacute;&scaron;e, svat&eacute;ho P&aacute;na,<br \/> jen\u017e jedin&yacute; byl bez h\u0159&iacute;chu.<br \/> &nbsp;<br \/> Uct&iacute;v&aacute;me tv\u016fj k\u0159&iacute;\u017e, &oacute; Kriste,<br \/> a&nbsp;tv&eacute; svat&eacute; vzk\u0159&iacute;&scaron;en&iacute;<br \/> oslavujeme a&nbsp;veleb&iacute;me.<br \/> &nbsp;<br \/> Nebo\u0165 ty jsi n&aacute;&scaron; B\u016fh,<br \/> nad tebe jin&eacute;ho nem&aacute;me,<br \/> tv&eacute; svat&eacute; jm&eacute;no hl&aacute;s&aacute;me.<br \/> &nbsp;<br \/> Poj\u010fte v&scaron;ichni v\u011brn&iacute;,<br \/> velebme Kristovo svat&eacute; vzk\u0159&iacute;&scaron;en&iacute;.<br \/> &nbsp;<br \/> Hle, prost\u0159ednictv&iacute;m k\u0159&iacute;\u017ee<br \/> p\u0159i&scaron;lo k&nbsp;cel&eacute;mu sv\u011btu jeho vzk\u0159&iacute;&scaron;en&iacute;.<br \/> On pro n&aacute;s a\u017e na k\u0159&iacute;\u017e trp\u011bl<br \/> a&nbsp;svou smrt&iacute; ka\u017edou smrt zni\u010dil.<br \/> &nbsp;<br \/> Je\u017e&iacute;&scaron;, z&nbsp;hrobu vzk\u0159&iacute;&scaron;en&yacute;,<br \/> dal n&aacute;m \u017eivot v\u011b\u010dn&yacute;,<br \/> a&nbsp;sv&eacute; velk&eacute; milosrdenstv&iacute;<br \/> tak, jak p\u0159edpov\u011bd\u011bl.<br \/> &nbsp;<br \/> Kristus byl vzk\u0159&iacute;&scaron;en,<br \/> doopravdy byl vzk\u0159&iacute;&scaron;en!<br \/> Amen. Aleluja.<br \/> <em>(Velikono\u010dn&iacute; hymnus, liturgie sv. Jana Zlato&uacute;st&eacute;ho)<\/em><br \/> &nbsp;<br \/> &nbsp;<\/p>\n","protected":false},"excerpt":{"rendered":"<p>Rozj&iacute;mejme nad vzk\u0159&iacute;&scaron;en&iacute;m Krista, velebme Je\u017e&iacute;&scaron;e, svat&eacute;ho P&aacute;na, jen\u017e jedin&yacute; byl bez h\u0159&iacute;chu. &nbsp; Uct&iacute;v&aacute;me tv\u016fj k\u0159&iacute;\u017e, &oacute; Kriste, a&nbsp;tv&eacute; svat&eacute; vzk\u0159&iacute;&scaron;en&iacute; oslavujeme a&nbsp;veleb&iacute;me. &nbsp; Nebo\u0165 ty jsi n&aacute;&scaron; B\u016fh, nad tebe jin&eacute;ho nem&aacute;me, tv&eacute; svat&eacute; jm&eacute;no hl&aacute;s&aacute;me. &nbsp; Poj\u010fte v&scaron;ichni v\u011brn&iacute;, velebme Kristovo svat&eacute; vzk\u0159&iacute;&scaron;en&iacute;. &nbsp; Hle, prost\u0159ednictv&iacute;m k\u0159&iacute;\u017ee p\u0159i&scaron;lo k&nbsp;cel&eacute;mu sv\u011btu jeho vzk\u0159&iacute;&scaron;en&iacute;. &#8230; <a title=\"Modlitba vzk\u0159\u00ed\u0161en\u00ed\" class=\"read-more\" href=\"https:\/\/www.texty.santegidio.cz\/?page_id=1007\" aria-label=\"More on Modlitba vzk\u0159\u00ed\u0161en\u00ed\">Read more<\/a><\/p>\n","protected":false},"author":1,"featured_media":0,"parent":702,"menu_order":0,"comment_status":"open","ping_status":"open","template":"","meta":{"_uag_custom_page_level_css":"","jetpack_post_was_ever_published":false,"footnotes":""},"class_list":["post-1007","page","type-page","status-publish"],"uagb_featured_image_src":{"full":false,"thumbnail":false,"medium":false,"medium_large":false,"large":false,"1536x1536":false,"2048x2048":false},"uagb_author_info":{"display_name":"Pavel","author_link":"https:\/\/www.texty.santegidio.cz\/?author=1"},"uagb_comment_info":0,"uagb_excerpt":"Rozj&iacute;mejme nad vzk\u0159&iacute;&scaron;en&iacute;m Krista, velebme Je\u017e&iacute;&scaron;e, svat&eacute;ho P&aacute;na, jen\u017e jedin&yacute; byl bez h\u0159&iacute;chu. &nbsp; Uct&iacute;v&aacute;me tv\u016fj k\u0159&iacute;\u017e, &oacute; Kriste, a&nbsp;tv&eacute; svat&eacute; vzk\u0159&iacute;&scaron;en&iacute; oslavujeme a&nbsp;veleb&iacute;me. &nbsp; Nebo\u0165 ty jsi n&aacute;&scaron; B\u016fh, nad tebe jin&eacute;ho nem&aacute;me, tv&eacute; svat&eacute; jm&eacute;no hl&aacute;s&aacute;me. &nbsp; Poj\u010fte v&scaron;ichni v\u011brn&iacute;, velebme Kristovo svat&eacute; vzk\u0159&iacute;&scaron;en&iacute;. &nbsp; Hle, prost\u0159ednictv&iacute;m k\u0159&iacute;\u017ee p\u0159i&scaron;lo k&nbsp;cel&eacute;mu sv\u011btu jeho vzk\u0159&iacute;&scaron;en&iacute;.&hellip;","jetpack_sharing_enabled":true,"jetpack_shortlink":"https:\/\/wp.me\/PawMsT-gf","_links":{"self":[{"href":"https:\/\/www.texty.santegidio.cz\/index.php?rest_route=\/wp\/v2\/pages\/1007","targetHints":{"allow":["GET"]}}],"collection":[{"href":"https:\/\/www.texty.santegidio.cz\/index.php?rest_route=\/wp\/v2\/pages"}],"about":[{"href":"https:\/\/www.texty.santegidio.cz\/index.php?rest_route=\/wp\/v2\/types\/page"}],"author":[{"embeddable":true,"href":"https:\/\/www.texty.santegidio.cz\/index.php?rest_route=\/wp\/v2\/users\/1"}],"replies":[{"embeddable":true,"href":"https:\/\/www.texty.santegidio.cz\/index.php?rest_route=%2Fwp%2Fv2%2Fcomments&post=1007"}],"version-history":[{"count":0,"href":"https:\/\/www.texty.santegidio.cz\/index.php?rest_route=\/wp\/v2\/pages\/1007\/revisions"}],"up":[{"embeddable":true,"href":"https:\/\/www.texty.santegidio.cz\/index.php?rest_route=\/wp\/v2\/pages\/702"}],"wp:attachment":[{"href":"https:\/\/www.texty.santegidio.cz\/index.php?rest_route=%2Fwp%2Fv2%2Fmedia&parent=1007"}],"curies":[{"name":"wp","href":"https:\/\/api.w.org\/{rel}","templated":true}]}}