{"id":1006,"date":"2018-10-10T14:09:26","date_gmt":"2018-10-10T12:09:26","guid":{"rendered":"http:\/\/www.texty.santegidio.cz?page_id=1006"},"modified":"2018-10-10T14:09:26","modified_gmt":"2018-10-10T12:09:26","slug":"modlitba-snimani-z-krize","status":"publish","type":"page","link":"https:\/\/www.texty.santegidio.cz\/?page_id=1006","title":{"rendered":"Modlitba sn\u00edm\u00e1n\u00ed z k\u0159\u00ed\u017ee"},"content":{"rendered":"<p>Poj\u010fte, uct\u011bme<br \/> pam&aacute;tku Josefa z&nbsp;Arimatie,<br \/> jen\u017e v&nbsp;noci vyhledal Pil&aacute;ta<br \/> a&nbsp;po\u017e&aacute;dal o t\u011blo Toho,<br \/> kter&yacute; je n&aacute;m \u017eivotem.<br \/> &nbsp;<br \/> Dej mi&nbsp;&ndash; \u0159ekl mu&nbsp;&ndash; t\u011blo toho pocestn&eacute;ho,<br \/> jen\u017e nena&scaron;el jedin&eacute;ho m&iacute;sta,<br \/> kde by svou hlavu slo\u017eil.<br \/> Dej mi t\u011blo m&eacute;ho Mistra a&nbsp;P&aacute;na,<br \/> kter&eacute;ho zloba lid&iacute; dovedla a\u017e na smrt.<br \/> Dej mi t\u011blo jednorozen&eacute;ho Syna,<br \/> jeho\u017e vid\u011bla matka pov\u011b&scaron;en&eacute;ho na k\u0159&iacute;\u017e,<br \/> kdy\u017e plakaj&iacute;c a&nbsp;vzlykaj&iacute;c<br \/> mate\u0159sky na\u0159&iacute;kala:<br \/> &nbsp;<br \/> &bdquo;&Oacute; sv\u011btlo m&yacute;ch o\u010d&iacute;,<br \/> &oacute; Synu m\u016fj milovan&yacute;,<br \/> &oacute; poklade m&eacute; du&scaron;e a&nbsp;m&eacute;ho srdce.<br \/> Ten den se naplnilo<br \/> proroctv&iacute; Simeona z&nbsp;chr&aacute;mu,<br \/> nebo\u0165 m&eacute; srdce probodl me\u010d;<br \/> ty v&scaron;ak prom\u011bn&iacute;&scaron; mou bolest<br \/> v&nbsp;radost z&nbsp;tv&eacute;ho vzk\u0159&iacute;&scaron;en&iacute;.&ldquo;<br \/> &nbsp;<br \/> P\u0159ed tv&yacute;m utrpen&iacute;m se, <br \/> Kriste, skl&aacute;n&iacute;me<br \/> a&nbsp;veleb&iacute;me tv&eacute; svat&eacute; vzk\u0159&iacute;&scaron;en&iacute;.<br \/> Amen.<\/p>\n","protected":false},"excerpt":{"rendered":"<p>Poj\u010fte, uct\u011bme pam&aacute;tku Josefa z&nbsp;Arimatie, jen\u017e v&nbsp;noci vyhledal Pil&aacute;ta a&nbsp;po\u017e&aacute;dal o t\u011blo Toho, kter&yacute; je n&aacute;m \u017eivotem. &nbsp; Dej mi&nbsp;&ndash; \u0159ekl mu&nbsp;&ndash; t\u011blo toho pocestn&eacute;ho, jen\u017e nena&scaron;el jedin&eacute;ho m&iacute;sta, kde by svou hlavu slo\u017eil. Dej mi t\u011blo m&eacute;ho Mistra a&nbsp;P&aacute;na, kter&eacute;ho zloba lid&iacute; dovedla a\u017e na smrt. Dej mi t\u011blo jednorozen&eacute;ho Syna, jeho\u017e vid\u011bla matka &#8230; <a title=\"Modlitba sn\u00edm\u00e1n\u00ed z k\u0159\u00ed\u017ee\" class=\"read-more\" href=\"https:\/\/www.texty.santegidio.cz\/?page_id=1006\" aria-label=\"More on Modlitba sn\u00edm\u00e1n\u00ed z k\u0159\u00ed\u017ee\">Read more<\/a><\/p>\n","protected":false},"author":1,"featured_media":0,"parent":702,"menu_order":0,"comment_status":"open","ping_status":"open","template":"","meta":{"_uag_custom_page_level_css":"","jetpack_post_was_ever_published":false,"footnotes":""},"class_list":["post-1006","page","type-page","status-publish"],"uagb_featured_image_src":{"full":false,"thumbnail":false,"medium":false,"medium_large":false,"large":false,"1536x1536":false,"2048x2048":false},"uagb_author_info":{"display_name":"Pavel","author_link":"https:\/\/www.texty.santegidio.cz\/?author=1"},"uagb_comment_info":0,"uagb_excerpt":"Poj\u010fte, uct\u011bme pam&aacute;tku Josefa z&nbsp;Arimatie, jen\u017e v&nbsp;noci vyhledal Pil&aacute;ta a&nbsp;po\u017e&aacute;dal o t\u011blo Toho, kter&yacute; je n&aacute;m \u017eivotem. &nbsp; Dej mi&nbsp;&ndash; \u0159ekl mu&nbsp;&ndash; t\u011blo toho pocestn&eacute;ho, jen\u017e nena&scaron;el jedin&eacute;ho m&iacute;sta, kde by svou hlavu slo\u017eil. Dej mi t\u011blo m&eacute;ho Mistra a&nbsp;P&aacute;na, kter&eacute;ho zloba lid&iacute; dovedla a\u017e na smrt. Dej mi t\u011blo jednorozen&eacute;ho Syna, jeho\u017e vid\u011bla matka&hellip;","jetpack_sharing_enabled":true,"jetpack_shortlink":"https:\/\/wp.me\/PawMsT-ge","_links":{"self":[{"href":"https:\/\/www.texty.santegidio.cz\/index.php?rest_route=\/wp\/v2\/pages\/1006","targetHints":{"allow":["GET"]}}],"collection":[{"href":"https:\/\/www.texty.santegidio.cz\/index.php?rest_route=\/wp\/v2\/pages"}],"about":[{"href":"https:\/\/www.texty.santegidio.cz\/index.php?rest_route=\/wp\/v2\/types\/page"}],"author":[{"embeddable":true,"href":"https:\/\/www.texty.santegidio.cz\/index.php?rest_route=\/wp\/v2\/users\/1"}],"replies":[{"embeddable":true,"href":"https:\/\/www.texty.santegidio.cz\/index.php?rest_route=%2Fwp%2Fv2%2Fcomments&post=1006"}],"version-history":[{"count":0,"href":"https:\/\/www.texty.santegidio.cz\/index.php?rest_route=\/wp\/v2\/pages\/1006\/revisions"}],"up":[{"embeddable":true,"href":"https:\/\/www.texty.santegidio.cz\/index.php?rest_route=\/wp\/v2\/pages\/702"}],"wp:attachment":[{"href":"https:\/\/www.texty.santegidio.cz\/index.php?rest_route=%2Fwp%2Fv2%2Fmedia&parent=1006"}],"curies":[{"name":"wp","href":"https:\/\/api.w.org\/{rel}","templated":true}]}}