{"id":1005,"date":"2018-10-10T14:09:26","date_gmt":"2018-10-10T12:09:26","guid":{"rendered":"http:\/\/www.texty.santegidio.cz?page_id=1005"},"modified":"2018-10-10T14:09:26","modified_gmt":"2018-10-10T12:09:26","slug":"modlitba-k-bezmocnemu-kristu","status":"publish","type":"page","link":"https:\/\/www.texty.santegidio.cz\/?page_id=1005","title":{"rendered":"Modlitba k bezmocn\u00e9mu Kristu"},"content":{"rendered":"<p>Pane Je\u017e&iacute;&scaron;i,<br \/> kter&yacute; jsi zem\u0159el bezmocn&yacute;,<br \/> p\u0159ibit&yacute; na k\u0159&iacute;\u017e,<br \/> ani\u017e bys zachr&aacute;nil s&aacute;m sebe,<br \/> a&nbsp;pr&aacute;v\u011b ty, kter&yacute; jsi zachr&aacute;nil mnoh&eacute;,<br \/> obra\u0165 k&nbsp;n&aacute;m sv&eacute; o\u010di,<br \/> m\u011bj s&nbsp;n&aacute;mi slitov&aacute;n&iacute; a&nbsp;odpus\u0165 n&aacute;m<br \/> \u010das lakomstv&iacute;,<br \/> p&yacute;chy a&nbsp;dom&yacute;&scaron;livosti,<br \/> vysvobo\u010f n&aacute;s z&nbsp;poku&scaron;en&iacute;<br \/> zachr&aacute;nit sv\u016fj vlastn&iacute; \u017eivot,<br \/> pomoz n&aacute;m ztratit jej<br \/> pro tebe a&nbsp;pro Evangelium;<br \/> ty, kter&yacute; jsi byl vzk\u0159&iacute;&scaron;en,<br \/> a&nbsp;sed&iacute;&scaron; po pravici Otce,<br \/> nyn&iacute; i&nbsp;v\u017edycky.<br \/> Amen.<\/p>\n","protected":false},"excerpt":{"rendered":"<p>Pane Je\u017e&iacute;&scaron;i, kter&yacute; jsi zem\u0159el bezmocn&yacute;, p\u0159ibit&yacute; na k\u0159&iacute;\u017e, ani\u017e bys zachr&aacute;nil s&aacute;m sebe, a&nbsp;pr&aacute;v\u011b ty, kter&yacute; jsi zachr&aacute;nil mnoh&eacute;, obra\u0165 k&nbsp;n&aacute;m sv&eacute; o\u010di, m\u011bj s&nbsp;n&aacute;mi slitov&aacute;n&iacute; a&nbsp;odpus\u0165 n&aacute;m \u010das lakomstv&iacute;, p&yacute;chy a&nbsp;dom&yacute;&scaron;livosti, vysvobo\u010f n&aacute;s z&nbsp;poku&scaron;en&iacute; zachr&aacute;nit sv\u016fj vlastn&iacute; \u017eivot, pomoz n&aacute;m ztratit jej pro tebe a&nbsp;pro Evangelium; ty, kter&yacute; jsi byl vzk\u0159&iacute;&scaron;en, a&nbsp;sed&iacute;&scaron; po &#8230; <a title=\"Modlitba k bezmocn\u00e9mu Kristu\" class=\"read-more\" href=\"https:\/\/www.texty.santegidio.cz\/?page_id=1005\" aria-label=\"More on Modlitba k bezmocn\u00e9mu Kristu\">Read more<\/a><\/p>\n","protected":false},"author":1,"featured_media":0,"parent":702,"menu_order":0,"comment_status":"open","ping_status":"open","template":"","meta":{"_uag_custom_page_level_css":"","jetpack_post_was_ever_published":false,"footnotes":""},"class_list":["post-1005","page","type-page","status-publish"],"uagb_featured_image_src":{"full":false,"thumbnail":false,"medium":false,"medium_large":false,"large":false,"1536x1536":false,"2048x2048":false},"uagb_author_info":{"display_name":"Pavel","author_link":"https:\/\/www.texty.santegidio.cz\/?author=1"},"uagb_comment_info":0,"uagb_excerpt":"Pane Je\u017e&iacute;&scaron;i, kter&yacute; jsi zem\u0159el bezmocn&yacute;, p\u0159ibit&yacute; na k\u0159&iacute;\u017e, ani\u017e bys zachr&aacute;nil s&aacute;m sebe, a&nbsp;pr&aacute;v\u011b ty, kter&yacute; jsi zachr&aacute;nil mnoh&eacute;, obra\u0165 k&nbsp;n&aacute;m sv&eacute; o\u010di, m\u011bj s&nbsp;n&aacute;mi slitov&aacute;n&iacute; a&nbsp;odpus\u0165 n&aacute;m \u010das lakomstv&iacute;, p&yacute;chy a&nbsp;dom&yacute;&scaron;livosti, vysvobo\u010f n&aacute;s z&nbsp;poku&scaron;en&iacute; zachr&aacute;nit sv\u016fj vlastn&iacute; \u017eivot, pomoz n&aacute;m ztratit jej pro tebe a&nbsp;pro Evangelium; ty, kter&yacute; jsi byl vzk\u0159&iacute;&scaron;en, a&nbsp;sed&iacute;&scaron; po&hellip;","jetpack_sharing_enabled":true,"jetpack_shortlink":"https:\/\/wp.me\/PawMsT-gd","_links":{"self":[{"href":"https:\/\/www.texty.santegidio.cz\/index.php?rest_route=\/wp\/v2\/pages\/1005","targetHints":{"allow":["GET"]}}],"collection":[{"href":"https:\/\/www.texty.santegidio.cz\/index.php?rest_route=\/wp\/v2\/pages"}],"about":[{"href":"https:\/\/www.texty.santegidio.cz\/index.php?rest_route=\/wp\/v2\/types\/page"}],"author":[{"embeddable":true,"href":"https:\/\/www.texty.santegidio.cz\/index.php?rest_route=\/wp\/v2\/users\/1"}],"replies":[{"embeddable":true,"href":"https:\/\/www.texty.santegidio.cz\/index.php?rest_route=%2Fwp%2Fv2%2Fcomments&post=1005"}],"version-history":[{"count":0,"href":"https:\/\/www.texty.santegidio.cz\/index.php?rest_route=\/wp\/v2\/pages\/1005\/revisions"}],"up":[{"embeddable":true,"href":"https:\/\/www.texty.santegidio.cz\/index.php?rest_route=\/wp\/v2\/pages\/702"}],"wp:attachment":[{"href":"https:\/\/www.texty.santegidio.cz\/index.php?rest_route=%2Fwp%2Fv2%2Fmedia&parent=1005"}],"curies":[{"name":"wp","href":"https:\/\/api.w.org\/{rel}","templated":true}]}}