{"id":1003,"date":"2018-10-10T14:09:26","date_gmt":"2018-10-10T12:09:26","guid":{"rendered":"http:\/\/www.texty.santegidio.cz?page_id=1003"},"modified":"2018-10-10T14:09:26","modified_gmt":"2018-10-10T12:09:26","slug":"modlitba-u-krize","status":"publish","type":"page","link":"https:\/\/www.texty.santegidio.cz\/?page_id=1003","title":{"rendered":"Modlitba u k\u0159\u00ed\u017ee"},"content":{"rendered":"<p>&Oacute; Pane,<br \/> kter&yacute; nenach&aacute;z&iacute;&scaron; zal&iacute;ben&iacute; v&nbsp;lidsk&eacute; s&iacute;le,<br \/> v&nbsp;n&aacute;sil&iacute; a&nbsp;moci tohoto sv\u011bta,<br \/> p\u0159ijmi n&aacute;s, abychom ti byli nabl&iacute;zku<br \/> jako Josef z&nbsp;Arimatie,<br \/> jako Nikod&eacute;m.<br \/> Odpus\u0165 n&aacute;m na&scaron;i vla\u017enost,<br \/> pomoz p\u0159eklenout vzd&aacute;lenost,<br \/> abychom se mohli d\u011blit<br \/> s&nbsp;Mari&iacute;, tvou matkou,<br \/> a&nbsp;apo&scaron;tolem Janem<br \/> o l&aacute;sku u&nbsp;tv&eacute;ho k\u0159&iacute;\u017ee.<br \/> Nyn&iacute; i&nbsp;v\u017edycky.<br \/> Amen.<\/p>\n<p><\/p>\n","protected":false},"excerpt":{"rendered":"<p>&Oacute; Pane, kter&yacute; nenach&aacute;z&iacute;&scaron; zal&iacute;ben&iacute; v&nbsp;lidsk&eacute; s&iacute;le, v&nbsp;n&aacute;sil&iacute; a&nbsp;moci tohoto sv\u011bta, p\u0159ijmi n&aacute;s, abychom ti byli nabl&iacute;zku jako Josef z&nbsp;Arimatie, jako Nikod&eacute;m. Odpus\u0165 n&aacute;m na&scaron;i vla\u017enost, pomoz p\u0159eklenout vzd&aacute;lenost, abychom se mohli d\u011blit s&nbsp;Mari&iacute;, tvou matkou, a&nbsp;apo&scaron;tolem Janem o l&aacute;sku u&nbsp;tv&eacute;ho k\u0159&iacute;\u017ee. Nyn&iacute; i&nbsp;v\u017edycky. Amen.<\/p>\n","protected":false},"author":1,"featured_media":0,"parent":702,"menu_order":0,"comment_status":"open","ping_status":"open","template":"","meta":{"_uag_custom_page_level_css":"","jetpack_post_was_ever_published":false,"footnotes":""},"class_list":["post-1003","page","type-page","status-publish"],"uagb_featured_image_src":{"full":false,"thumbnail":false,"medium":false,"medium_large":false,"large":false,"1536x1536":false,"2048x2048":false},"uagb_author_info":{"display_name":"Pavel","author_link":"https:\/\/www.texty.santegidio.cz\/?author=1"},"uagb_comment_info":0,"uagb_excerpt":"&Oacute; Pane, kter&yacute; nenach&aacute;z&iacute;&scaron; zal&iacute;ben&iacute; v&nbsp;lidsk&eacute; s&iacute;le, v&nbsp;n&aacute;sil&iacute; a&nbsp;moci tohoto sv\u011bta, p\u0159ijmi n&aacute;s, abychom ti byli nabl&iacute;zku jako Josef z&nbsp;Arimatie, jako Nikod&eacute;m. Odpus\u0165 n&aacute;m na&scaron;i vla\u017enost, pomoz p\u0159eklenout vzd&aacute;lenost, abychom se mohli d\u011blit s&nbsp;Mari&iacute;, tvou matkou, a&nbsp;apo&scaron;tolem Janem o l&aacute;sku u&nbsp;tv&eacute;ho k\u0159&iacute;\u017ee. Nyn&iacute; i&nbsp;v\u017edycky. Amen.","jetpack_sharing_enabled":true,"jetpack_shortlink":"https:\/\/wp.me\/PawMsT-gb","_links":{"self":[{"href":"https:\/\/www.texty.santegidio.cz\/index.php?rest_route=\/wp\/v2\/pages\/1003","targetHints":{"allow":["GET"]}}],"collection":[{"href":"https:\/\/www.texty.santegidio.cz\/index.php?rest_route=\/wp\/v2\/pages"}],"about":[{"href":"https:\/\/www.texty.santegidio.cz\/index.php?rest_route=\/wp\/v2\/types\/page"}],"author":[{"embeddable":true,"href":"https:\/\/www.texty.santegidio.cz\/index.php?rest_route=\/wp\/v2\/users\/1"}],"replies":[{"embeddable":true,"href":"https:\/\/www.texty.santegidio.cz\/index.php?rest_route=%2Fwp%2Fv2%2Fcomments&post=1003"}],"version-history":[{"count":0,"href":"https:\/\/www.texty.santegidio.cz\/index.php?rest_route=\/wp\/v2\/pages\/1003\/revisions"}],"up":[{"embeddable":true,"href":"https:\/\/www.texty.santegidio.cz\/index.php?rest_route=\/wp\/v2\/pages\/702"}],"wp:attachment":[{"href":"https:\/\/www.texty.santegidio.cz\/index.php?rest_route=%2Fwp%2Fv2%2Fmedia&parent=1003"}],"curies":[{"name":"wp","href":"https:\/\/api.w.org\/{rel}","templated":true}]}}