{"id":1002,"date":"2018-10-10T14:09:26","date_gmt":"2018-10-10T12:09:26","guid":{"rendered":"http:\/\/www.texty.santegidio.cz?page_id=1002"},"modified":"2018-10-10T14:09:26","modified_gmt":"2018-10-10T12:09:26","slug":"modlitba-k-opustenemu-panu","status":"publish","type":"page","link":"https:\/\/www.texty.santegidio.cz\/?page_id=1002","title":{"rendered":"Modlitba k opu\u0161t\u011bn\u00e9mu P\u00e1nu"},"content":{"rendered":"<p>Pane,<br \/> ty, kter&yacute; jsi byl opu&scaron;t\u011bn<br \/> sv&yacute;mi u\u010dedn&iacute;ky,<br \/> odsouzen nespravedliv&yacute;mi soudci,<br \/> zap\u0159en davem pln&yacute;m slab&yacute;ch lid&iacute;,<br \/> pomoz n&aacute;m, kte\u0159&iacute; naslouch&aacute;me<br \/> Evangeliu tv&eacute;ho utrpen&iacute;<br \/> obnovit na&scaron;e srdce,<br \/> otev\u0159&iacute;t se tv&eacute;mu Slovu<br \/> a&nbsp;ne\u017e&iacute;t pro sp&aacute;su n&aacute;s samotn&yacute;ch.<br \/> Amen.<\/p>\n","protected":false},"excerpt":{"rendered":"<p>Pane, ty, kter&yacute; jsi byl opu&scaron;t\u011bn sv&yacute;mi u\u010dedn&iacute;ky, odsouzen nespravedliv&yacute;mi soudci, zap\u0159en davem pln&yacute;m slab&yacute;ch lid&iacute;, pomoz n&aacute;m, kte\u0159&iacute; naslouch&aacute;me Evangeliu tv&eacute;ho utrpen&iacute; obnovit na&scaron;e srdce, otev\u0159&iacute;t se tv&eacute;mu Slovu a&nbsp;ne\u017e&iacute;t pro sp&aacute;su n&aacute;s samotn&yacute;ch. Amen.<\/p>\n","protected":false},"author":1,"featured_media":0,"parent":702,"menu_order":0,"comment_status":"open","ping_status":"open","template":"","meta":{"_uag_custom_page_level_css":"","jetpack_post_was_ever_published":false,"footnotes":""},"class_list":["post-1002","page","type-page","status-publish"],"uagb_featured_image_src":{"full":false,"thumbnail":false,"medium":false,"medium_large":false,"large":false,"1536x1536":false,"2048x2048":false},"uagb_author_info":{"display_name":"Pavel","author_link":"https:\/\/www.texty.santegidio.cz\/?author=1"},"uagb_comment_info":0,"uagb_excerpt":"Pane, ty, kter&yacute; jsi byl opu&scaron;t\u011bn sv&yacute;mi u\u010dedn&iacute;ky, odsouzen nespravedliv&yacute;mi soudci, zap\u0159en davem pln&yacute;m slab&yacute;ch lid&iacute;, pomoz n&aacute;m, kte\u0159&iacute; naslouch&aacute;me Evangeliu tv&eacute;ho utrpen&iacute; obnovit na&scaron;e srdce, otev\u0159&iacute;t se tv&eacute;mu Slovu a&nbsp;ne\u017e&iacute;t pro sp&aacute;su n&aacute;s samotn&yacute;ch. Amen.","jetpack_sharing_enabled":true,"jetpack_shortlink":"https:\/\/wp.me\/PawMsT-ga","_links":{"self":[{"href":"https:\/\/www.texty.santegidio.cz\/index.php?rest_route=\/wp\/v2\/pages\/1002","targetHints":{"allow":["GET"]}}],"collection":[{"href":"https:\/\/www.texty.santegidio.cz\/index.php?rest_route=\/wp\/v2\/pages"}],"about":[{"href":"https:\/\/www.texty.santegidio.cz\/index.php?rest_route=\/wp\/v2\/types\/page"}],"author":[{"embeddable":true,"href":"https:\/\/www.texty.santegidio.cz\/index.php?rest_route=\/wp\/v2\/users\/1"}],"replies":[{"embeddable":true,"href":"https:\/\/www.texty.santegidio.cz\/index.php?rest_route=%2Fwp%2Fv2%2Fcomments&post=1002"}],"version-history":[{"count":0,"href":"https:\/\/www.texty.santegidio.cz\/index.php?rest_route=\/wp\/v2\/pages\/1002\/revisions"}],"up":[{"embeddable":true,"href":"https:\/\/www.texty.santegidio.cz\/index.php?rest_route=\/wp\/v2\/pages\/702"}],"wp:attachment":[{"href":"https:\/\/www.texty.santegidio.cz\/index.php?rest_route=%2Fwp%2Fv2%2Fmedia&parent=1002"}],"curies":[{"name":"wp","href":"https:\/\/api.w.org\/{rel}","templated":true}]}}