{"id":1001,"date":"2018-10-10T14:09:26","date_gmt":"2018-10-10T12:09:26","guid":{"rendered":"http:\/\/www.texty.santegidio.cz?page_id=1001"},"modified":"2018-10-10T14:09:26","modified_gmt":"2018-10-10T12:09:26","slug":"modlitba-pod-krizem","status":"publish","type":"page","link":"https:\/\/www.texty.santegidio.cz\/?page_id=1001","title":{"rendered":"Modlitba pod k\u0159\u00ed\u017eem"},"content":{"rendered":"<p>V&nbsp;tichu setrv&aacute;v&aacute;me pod k\u0159&iacute;\u017eem,<br \/> na n\u011bm\u017e vt\u011blen&yacute; B\u016fh um&iacute;r&aacute; z&nbsp;l&aacute;sky k&nbsp;n&aacute;m.<br \/> P\u0159ed tak velikou l&aacute;skou<br \/> umlk&aacute; na&scaron;e z&aacute;&scaron;\u0165 a&nbsp;obvi\u0148ov&aacute;n&iacute;,<br \/> obvin\u011bn&iacute; proti tob\u011b, proti druh&eacute;mu.<br \/> Na&scaron;e svoboda je kone\u010dn\u011b svobodn&aacute;.<br \/> V&nbsp;tichosti srdce<br \/> vych&aacute;z&iacute; z&nbsp;na&scaron;ich slz v&yacute;k\u0159ik:<br \/> m\u016fj Pane, m\u016fj Bo\u017ee.<br \/> A&nbsp;t&iacute;mto ch&aacute;peme d&aacute;vn&aacute; slova mnich\u016f:<br \/> kdo vid&iacute; bratra, spat\u0159uje Boha.<br \/> Amen.<br \/> <em>(Olivier Cl&eacute;ment)<\/em><br \/> &nbsp;<br \/> &nbsp;<\/p>\n","protected":false},"excerpt":{"rendered":"<p>V&nbsp;tichu setrv&aacute;v&aacute;me pod k\u0159&iacute;\u017eem, na n\u011bm\u017e vt\u011blen&yacute; B\u016fh um&iacute;r&aacute; z&nbsp;l&aacute;sky k&nbsp;n&aacute;m. P\u0159ed tak velikou l&aacute;skou umlk&aacute; na&scaron;e z&aacute;&scaron;\u0165 a&nbsp;obvi\u0148ov&aacute;n&iacute;, obvin\u011bn&iacute; proti tob\u011b, proti druh&eacute;mu. Na&scaron;e svoboda je kone\u010dn\u011b svobodn&aacute;. V&nbsp;tichosti srdce vych&aacute;z&iacute; z&nbsp;na&scaron;ich slz v&yacute;k\u0159ik: m\u016fj Pane, m\u016fj Bo\u017ee. A&nbsp;t&iacute;mto ch&aacute;peme d&aacute;vn&aacute; slova mnich\u016f: kdo vid&iacute; bratra, spat\u0159uje Boha. Amen. (Olivier Cl&eacute;ment) &nbsp; &nbsp;<\/p>\n","protected":false},"author":1,"featured_media":0,"parent":702,"menu_order":0,"comment_status":"open","ping_status":"open","template":"","meta":{"_uag_custom_page_level_css":"","jetpack_post_was_ever_published":false,"footnotes":""},"class_list":["post-1001","page","type-page","status-publish"],"uagb_featured_image_src":{"full":false,"thumbnail":false,"medium":false,"medium_large":false,"large":false,"1536x1536":false,"2048x2048":false},"uagb_author_info":{"display_name":"Pavel","author_link":"https:\/\/www.texty.santegidio.cz\/?author=1"},"uagb_comment_info":0,"uagb_excerpt":"V&nbsp;tichu setrv&aacute;v&aacute;me pod k\u0159&iacute;\u017eem, na n\u011bm\u017e vt\u011blen&yacute; B\u016fh um&iacute;r&aacute; z&nbsp;l&aacute;sky k&nbsp;n&aacute;m. P\u0159ed tak velikou l&aacute;skou umlk&aacute; na&scaron;e z&aacute;&scaron;\u0165 a&nbsp;obvi\u0148ov&aacute;n&iacute;, obvin\u011bn&iacute; proti tob\u011b, proti druh&eacute;mu. Na&scaron;e svoboda je kone\u010dn\u011b svobodn&aacute;. V&nbsp;tichosti srdce vych&aacute;z&iacute; z&nbsp;na&scaron;ich slz v&yacute;k\u0159ik: m\u016fj Pane, m\u016fj Bo\u017ee. A&nbsp;t&iacute;mto ch&aacute;peme d&aacute;vn&aacute; slova mnich\u016f: kdo vid&iacute; bratra, spat\u0159uje Boha. Amen. (Olivier Cl&eacute;ment) &nbsp; &nbsp;","jetpack_sharing_enabled":true,"jetpack_shortlink":"https:\/\/wp.me\/PawMsT-g9","_links":{"self":[{"href":"https:\/\/www.texty.santegidio.cz\/index.php?rest_route=\/wp\/v2\/pages\/1001","targetHints":{"allow":["GET"]}}],"collection":[{"href":"https:\/\/www.texty.santegidio.cz\/index.php?rest_route=\/wp\/v2\/pages"}],"about":[{"href":"https:\/\/www.texty.santegidio.cz\/index.php?rest_route=\/wp\/v2\/types\/page"}],"author":[{"embeddable":true,"href":"https:\/\/www.texty.santegidio.cz\/index.php?rest_route=\/wp\/v2\/users\/1"}],"replies":[{"embeddable":true,"href":"https:\/\/www.texty.santegidio.cz\/index.php?rest_route=%2Fwp%2Fv2%2Fcomments&post=1001"}],"version-history":[{"count":0,"href":"https:\/\/www.texty.santegidio.cz\/index.php?rest_route=\/wp\/v2\/pages\/1001\/revisions"}],"up":[{"embeddable":true,"href":"https:\/\/www.texty.santegidio.cz\/index.php?rest_route=\/wp\/v2\/pages\/702"}],"wp:attachment":[{"href":"https:\/\/www.texty.santegidio.cz\/index.php?rest_route=%2Fwp%2Fv2%2Fmedia&parent=1001"}],"curies":[{"name":"wp","href":"https:\/\/api.w.org\/{rel}","templated":true}]}}