{"id":1000,"date":"2018-10-10T14:09:26","date_gmt":"2018-10-10T12:09:26","guid":{"rendered":"http:\/\/www.texty.santegidio.cz?page_id=1000"},"modified":"2018-10-10T14:09:26","modified_gmt":"2018-10-10T12:09:26","slug":"modlitba-na-ceste-krize","status":"publish","type":"page","link":"https:\/\/www.texty.santegidio.cz\/?page_id=1000","title":{"rendered":"Modlitba na cest\u011b k\u0159\u00ed\u017ee"},"content":{"rendered":"<p>Pane,<br \/> pom&aacute;hej i&nbsp;n&aacute;m<br \/> sjednotit se s&nbsp;tv&yacute;mi u\u010dedn&iacute;ky u&nbsp;k\u0159&iacute;\u017ee<br \/> ve chv&iacute;l&iacute;ch tv&eacute;ho utrpen&iacute;;<br \/> pomoz n&aacute;m nau\u010dit se t\u011b pozn&aacute;vat,<br \/> kdy\u017e t\u011b potk&aacute;v&aacute;me<br \/> trp&iacute;c&iacute;ho, tr&yacute;zn\u011bn&eacute;ho, bezbrann&eacute;ho;<br \/> dej, a\u0165 slova tv&eacute;ho utrpen&iacute;<br \/> otev\u0159ou cestu l&aacute;sce<br \/> a&nbsp;v&iacute;\u0159e v&nbsp;tv&eacute; zmrtv&yacute;chvst&aacute;n&iacute;.<br \/> Nyn&iacute; i&nbsp;v\u017edycky.<br \/> Amen.<\/p>\n","protected":false},"excerpt":{"rendered":"<p>Pane, pom&aacute;hej i&nbsp;n&aacute;m sjednotit se s&nbsp;tv&yacute;mi u\u010dedn&iacute;ky u&nbsp;k\u0159&iacute;\u017ee ve chv&iacute;l&iacute;ch tv&eacute;ho utrpen&iacute;; pomoz n&aacute;m nau\u010dit se t\u011b pozn&aacute;vat, kdy\u017e t\u011b potk&aacute;v&aacute;me trp&iacute;c&iacute;ho, tr&yacute;zn\u011bn&eacute;ho, bezbrann&eacute;ho; dej, a\u0165 slova tv&eacute;ho utrpen&iacute; otev\u0159ou cestu l&aacute;sce a&nbsp;v&iacute;\u0159e v&nbsp;tv&eacute; zmrtv&yacute;chvst&aacute;n&iacute;. Nyn&iacute; i&nbsp;v\u017edycky. Amen.<\/p>\n","protected":false},"author":1,"featured_media":0,"parent":702,"menu_order":0,"comment_status":"open","ping_status":"open","template":"","meta":{"_uag_custom_page_level_css":"","jetpack_post_was_ever_published":false,"footnotes":""},"class_list":["post-1000","page","type-page","status-publish"],"uagb_featured_image_src":{"full":false,"thumbnail":false,"medium":false,"medium_large":false,"large":false,"1536x1536":false,"2048x2048":false},"uagb_author_info":{"display_name":"Pavel","author_link":"https:\/\/www.texty.santegidio.cz\/?author=1"},"uagb_comment_info":0,"uagb_excerpt":"Pane, pom&aacute;hej i&nbsp;n&aacute;m sjednotit se s&nbsp;tv&yacute;mi u\u010dedn&iacute;ky u&nbsp;k\u0159&iacute;\u017ee ve chv&iacute;l&iacute;ch tv&eacute;ho utrpen&iacute;; pomoz n&aacute;m nau\u010dit se t\u011b pozn&aacute;vat, kdy\u017e t\u011b potk&aacute;v&aacute;me trp&iacute;c&iacute;ho, tr&yacute;zn\u011bn&eacute;ho, bezbrann&eacute;ho; dej, a\u0165 slova tv&eacute;ho utrpen&iacute; otev\u0159ou cestu l&aacute;sce a&nbsp;v&iacute;\u0159e v&nbsp;tv&eacute; zmrtv&yacute;chvst&aacute;n&iacute;. Nyn&iacute; i&nbsp;v\u017edycky. Amen.","jetpack_sharing_enabled":true,"jetpack_shortlink":"https:\/\/wp.me\/PawMsT-g8","_links":{"self":[{"href":"https:\/\/www.texty.santegidio.cz\/index.php?rest_route=\/wp\/v2\/pages\/1000","targetHints":{"allow":["GET"]}}],"collection":[{"href":"https:\/\/www.texty.santegidio.cz\/index.php?rest_route=\/wp\/v2\/pages"}],"about":[{"href":"https:\/\/www.texty.santegidio.cz\/index.php?rest_route=\/wp\/v2\/types\/page"}],"author":[{"embeddable":true,"href":"https:\/\/www.texty.santegidio.cz\/index.php?rest_route=\/wp\/v2\/users\/1"}],"replies":[{"embeddable":true,"href":"https:\/\/www.texty.santegidio.cz\/index.php?rest_route=%2Fwp%2Fv2%2Fcomments&post=1000"}],"version-history":[{"count":0,"href":"https:\/\/www.texty.santegidio.cz\/index.php?rest_route=\/wp\/v2\/pages\/1000\/revisions"}],"up":[{"embeddable":true,"href":"https:\/\/www.texty.santegidio.cz\/index.php?rest_route=\/wp\/v2\/pages\/702"}],"wp:attachment":[{"href":"https:\/\/www.texty.santegidio.cz\/index.php?rest_route=%2Fwp%2Fv2%2Fmedia&parent=1000"}],"curies":[{"name":"wp","href":"https:\/\/api.w.org\/{rel}","templated":true}]}}