{"id":100,"date":"2018-12-12T10:15:06","date_gmt":"2018-12-12T09:15:06","guid":{"rendered":"http:\/\/www.texty.santegidio.cz?page_id=100"},"modified":"2018-12-12T10:15:07","modified_gmt":"2018-12-12T09:15:07","slug":"zalm-48","status":"publish","type":"page","link":"https:\/\/www.texty.santegidio.cz\/?page_id=100","title":{"rendered":"\u017dalm 48"},"content":{"rendered":"<p>P\u00e1n je ten, kter\u00fd n\u00e1s vede nav\u011bky.<\/p>\n<p>&#8211; <sup>2<\/span><\/sup> Velk\u00fd je P\u00e1n a nejv\u00fd\u0161 hoden chv\u00e1ly<br \/>ve m\u011bst\u011b B<strong>o<\/strong>ha na\u0161eho.<\/p>\n<p>&#8211; <sup>3<\/span><\/sup> Vznosn\u011b se ty\u010d\u00ed jeho svat\u00e1 hora,<br \/>je v\u0161emu sv<strong>\u011b<\/strong>tu k pot\u011b\u0161e;<br \/>&#8211; ten sever nejzaz\u0161\u00ed, ta hora Si\u00f3n,<br \/>to m\u011bsto kr<strong>\u00e1<\/strong>le mocn\u00e9ho.<\/p>\n<p>&#8211; <sup>4<\/span><\/sup> P\u00e1n, kter\u00fd s\u00eddl\u00ed v jeho hradn\u00edch v\u011b\u017e\u00edch,<br \/>je jeho hr<strong>a<\/strong>dbou bezpe\u010dnou.<\/p>\n<p>&#8211; <sup>5<\/span><\/sup> V\u017edy\u0165 hle, jak spol\u010dila se \u0159ada kr\u00e1l\u016f,<br \/>p\u0159it\u00e1hli v\u0161<strong>i<\/strong>chni najednou.<\/p>\n<p>&#8211; <sup>6<\/span><\/sup> jenom v\u0161ak pohl\u00e9dli &#8211; a ustrnuli,<br \/>s hr\u016fzou se d<strong>a<\/strong>li na \u00fat\u011bk.<\/p>\n<p>&#8211; <sup>7<\/span><\/sup> T\u0159asavka d\u011bsu je tam zachv\u00e1tila,<br \/>k\u0159e\u010d jako b<strong>o<\/strong>lest rodi\u010dky,<\/p>\n<p>&#8211; <sup>8<\/span><\/sup> jako kdy\u017e prudk\u00fd vichr od v\u00fdchodu<br \/>tar\u0161\u00ed\u0161sk\u00e9 l<strong>o<\/strong>di rozb\u00edj\u00ed.<\/p>\n<p>= <sup>9<\/span><\/sup> Jak jsme to sl\u00fdchali, te\u010f vid\u011bli jsme ve m\u011bst\u011b Boha na\u0161eho,\u2020<br \/>v tom m\u011bst\u011b P\u00e1na z\u00e1stup\u016f:<br \/>P\u00e1n zbudoval j<strong>e<\/strong> pro v\u011bky!<\/p>\n<p>&#8211; <sup>10<\/span><\/sup> S vd\u011b\u010dnost\u00ed, Bo\u017ee, mysl\u00edme v tv\u00e9m chr\u00e1m\u011b<br \/>na tvoje mil<strong>o<\/strong>srdenstv\u00ed.<\/p>\n<p>&#8211; <sup>11<\/span><\/sup> Jako tv\u00e9 jm\u00e9no, Bo\u017ee, tak tv\u00e1 sl\u00e1va<br \/>a\u017e na kraj z<strong>e<\/strong>m\u011b dosah\u00e1.<br \/>&#8211; Tv\u00e1 pravice je pov\u017edy spravedliv\u00e1,<br \/><sup>12<\/span><\/sup> a\u0165 Si\u00f3n se z n<strong>\u00ed<\/strong> raduje,<br \/>&#8211; a\u0165 zaj\u00e1saj\u00ed v\u0161echny judsk\u00e9 dcery<br \/>nad tv\u00fdmi, P<strong>a<\/strong>ne, rozsudky!<\/p>\n<p>&#8211; <sup>13<\/span><\/sup> Projd\u011bte Si\u00f3n, obejd\u011bte kolem<br \/>a jeho v<strong>\u011b<\/strong>\u017ee spo\u010dt\u011bte,<\/p>\n<p>= <sup>14<\/span><\/sup> prohl\u00e9dn\u011bte si jeho opevn\u011bn\u00ed,\u2020<br \/>projd\u011bte jeho pal\u00e1ci,<br \/>a\u0165 pov\u00edte v\u0161em p\u0159\u00ed\u0161t\u00edm p<strong>o<\/strong>kolen\u00edm:<\/p>\n<p>= <sup>15<\/span><\/sup> \u017ee takto velik\u00fd je P\u00e1n,\u2020<br \/>n\u00e1\u0161 B\u016fh po v\u0161echen \u010das a do v\u011b\u010dnosti.<br \/>Ten, jen\u017e n\u00e1s v<strong>e<\/strong>de nav\u011bky!<\/p>\n","protected":false},"excerpt":{"rendered":"<p>P\u00e1n je ten, kter\u00fd n\u00e1s vede nav\u011bky. &#8211; 2 Velk\u00fd je P\u00e1n a nejv\u00fd\u0161 hoden chv\u00e1lyve m\u011bst\u011b Boha na\u0161eho. &#8211; 3 Vznosn\u011b se ty\u010d\u00ed jeho svat\u00e1 hora,je v\u0161emu sv\u011btu k pot\u011b\u0161e;&#8211; ten sever nejzaz\u0161\u00ed, ta hora Si\u00f3n,to m\u011bsto kr\u00e1le mocn\u00e9ho. &#8211; 4 P\u00e1n, kter\u00fd s\u00eddl\u00ed v jeho hradn\u00edch v\u011b\u017e\u00edch,je jeho hradbou bezpe\u010dnou. &#8211; 5 V\u017edy\u0165 &#8230; <a title=\"\u017dalm 48\" class=\"read-more\" href=\"https:\/\/www.texty.santegidio.cz\/?page_id=100\" aria-label=\"More on \u017dalm 48\">Read more<\/a><\/p>\n","protected":false},"author":1,"featured_media":0,"parent":29,"menu_order":0,"comment_status":"closed","ping_status":"closed","template":"","meta":{"_uag_custom_page_level_css":"","jetpack_post_was_ever_published":false,"footnotes":""},"class_list":["post-100","page","type-page","status-publish"],"uagb_featured_image_src":{"full":false,"thumbnail":false,"medium":false,"medium_large":false,"large":false,"1536x1536":false,"2048x2048":false},"uagb_author_info":{"display_name":"Pavel","author_link":"https:\/\/www.texty.santegidio.cz\/?author=1"},"uagb_comment_info":0,"uagb_excerpt":"P\u00e1n je ten, kter\u00fd n\u00e1s vede nav\u011bky. &#8211; 2 Velk\u00fd je P\u00e1n a nejv\u00fd\u0161 hoden chv\u00e1lyve m\u011bst\u011b Boha na\u0161eho. &#8211; 3 Vznosn\u011b se ty\u010d\u00ed jeho svat\u00e1 hora,je v\u0161emu sv\u011btu k pot\u011b\u0161e;&#8211; ten sever nejzaz\u0161\u00ed, ta hora Si\u00f3n,to m\u011bsto kr\u00e1le mocn\u00e9ho. &#8211; 4 P\u00e1n, kter\u00fd s\u00eddl\u00ed v jeho hradn\u00edch v\u011b\u017e\u00edch,je jeho hradbou bezpe\u010dnou. &#8211; 5 V\u017edy\u0165&hellip;","jetpack_sharing_enabled":true,"jetpack_shortlink":"https:\/\/wp.me\/PawMsT-1C","_links":{"self":[{"href":"https:\/\/www.texty.santegidio.cz\/index.php?rest_route=\/wp\/v2\/pages\/100","targetHints":{"allow":["GET"]}}],"collection":[{"href":"https:\/\/www.texty.santegidio.cz\/index.php?rest_route=\/wp\/v2\/pages"}],"about":[{"href":"https:\/\/www.texty.santegidio.cz\/index.php?rest_route=\/wp\/v2\/types\/page"}],"author":[{"embeddable":true,"href":"https:\/\/www.texty.santegidio.cz\/index.php?rest_route=\/wp\/v2\/users\/1"}],"replies":[{"embeddable":true,"href":"https:\/\/www.texty.santegidio.cz\/index.php?rest_route=%2Fwp%2Fv2%2Fcomments&post=100"}],"version-history":[{"count":1,"href":"https:\/\/www.texty.santegidio.cz\/index.php?rest_route=\/wp\/v2\/pages\/100\/revisions"}],"predecessor-version":[{"id":1270,"href":"https:\/\/www.texty.santegidio.cz\/index.php?rest_route=\/wp\/v2\/pages\/100\/revisions\/1270"}],"up":[{"embeddable":true,"href":"https:\/\/www.texty.santegidio.cz\/index.php?rest_route=\/wp\/v2\/pages\/29"}],"wp:attachment":[{"href":"https:\/\/www.texty.santegidio.cz\/index.php?rest_route=%2Fwp%2Fv2%2Fmedia&parent=100"}],"curies":[{"name":"wp","href":"https:\/\/api.w.org\/{rel}","templated":true}]}}